{"id":4581,"date":"2025-08-16T19:21:30","date_gmt":"2025-08-16T17:21:30","guid":{"rendered":"https:\/\/www.autoescolaolivella.com\/000000\/?page_id=4581"},"modified":"2025-09-11T14:45:12","modified_gmt":"2025-09-11T12:45:12","slug":"autoescola","status":"publish","type":"page","link":"https:\/\/www.autoescolaolivella.com\/index.php\/autoescola\/","title":{"rendered":"Autoescola"},"content":{"rendered":"\t\t<div data-elementor-type=\"wp-page\" data-elementor-id=\"4581\" class=\"elementor elementor-4581\">\n\t\t\t\t<div class=\"elementor-element elementor-element-540e1978 e-con-full e-flex e-con e-parent\" data-id=\"540e1978\" data-element_type=\"container\" data-e-type=\"container\">\n\t\t\t\t<div class=\"elementor-element elementor-element-2b1764e5 elementor-widget elementor-widget-drivschol-main-slider\" data-id=\"2b1764e5\" data-element_type=\"widget\" data-e-type=\"widget\" data-widget_type=\"drivschol-main-slider.default\">\n\t\t\t\t<div class=\"elementor-widget-container\">\n\t\t\t\t\t\r\n\t<!--Main Slider Start-->\r\n\t<section class=\"main-slider-two\">\r\n\t\t<div class=\"main-slider-two__carousel drivschol-owl__carousel owl-carousel\" data-owl-options='        {\r\n        &quot;loop&quot;: true,\r\n        &quot;margin&quot;: 0,\r\n        &quot;items&quot;: 1        ,&quot;nav&quot;: false                    ,&quot;autoplay&quot;: true            ,&quot;autoplayTimeout&quot;: 5000                            ,&quot;animateOut&quot;: &quot;slideOutDown&quot;\r\n            ,&quot;animateIn&quot;: &quot;fadeIn&quot;\r\n                            ,&quot;autoplayHoverPause&quot;: true                        ,&quot;dots&quot;: true        ,&quot;smartSpeed&quot;: 700\r\n                }\r\n    '>\r\n\t\t\t\t\t\t\t<div class=\"item\">\r\n\t\t\t\t\t<div class=\"main-slider-two__item\">\r\n\t\t\t\t\t\t<div class=\"main-slider-two__bg\" style=\"background-image: url(https:\/\/bracketweb.com\/drivscholwp\/wp-content\/uploads\/2023\/12\/slider-2-1.png);\"><\/div>\r\n\t\t\t\t\t\t<div class=\"container\">\r\n\t\t\t\t\t\t\t<div class=\"row\">\r\n\t\t\t\t\t\t\t\t<div class=\"col-md-12\">\r\n\t\t\t\t\t\t\t\t\t<div class=\"main-slider-two__content\">\r\n\t\t\t\t\t\t\t\t\t\t<h5 class=\"main-slider-two__sub-title\">\r\n\t\t\t\t\t\t\t\t\t\t\t<span>Benvingut a l'Autoescola Olivella<\/span>\r\n\t\t\t\t\t\t\t\t\t\t<\/h5>\r\n\t\t\t\t\t\t\t\t\t\t<h2 class=\"main-slider-two__title\">\r\n\t\t\t\t\t\t\t\t\t\t\tSigues lliure, <br> treu-te el carnet\t\t\t\t\t\t\t\t\t\t\t<span class=\"main-slider-two__title__image\">\r\n\t\t\t\t\t\t\t\t\t\t\t\t<img decoding=\"async\" src=\"https:\/\/www.autoescolaolivella.com\/assets\/2023\/12\/slider-2-shape-1.png\" alt=\"slider-2-shape-1\" title=\"slider-2-shape-1\" >\t\t\t\t\t\t\t\t\t\t\t<\/span>\r\n\t\t\t\t\t\t\t\t\t\t<\/h2><!-- slider-title -->\r\n\t\t\t\t\t\t\t\t\t\t\t\t\t\t\t\t\t\t\t\t\t<div class=\"main-slider-two__btn\">\r\n\t\t\t\t\t\t\t\t\t\t\t\t<a href=\"https:\/\/www.autoescolaolivella.com\/index.php\/autoescola\/carnets\/\" class=\"drivschol-btn drivschol-btn--base2\">\r\n\t\t\t\t\t\t\t\t\t\t\t\t\t<span>Comen\u00e7a<\/span>\r\n\t\t\t\t\t\t\t\t\t\t\t\t<\/a><!-- slider-btn -->\r\n\t\t\t\t\t\t\t\t\t\t\t<\/div>\r\n\t\t\t\t\t\t\t\t\t\t\t\t\t\t\t\t\t\t\t<\/div>\r\n\t\t\t\t\t\t\t\t<\/div>\r\n\t\t\t\t\t\t\t<\/div>\r\n\t\t\t\t\t\t<\/div>\r\n\t\t\t\t\t\t<div class=\"main-slider-two__layer\">\r\n\t\t\t\t\t\t\t<img decoding=\"async\" src=\"https:\/\/www.autoescolaolivella.com\/assets\/2023\/12\/slider-2-shape-2.png\" alt=\"slider-2-shape-2\" title=\"slider-2-shape-2\" >\t\t\t\t\t\t\t<img decoding=\"async\" src=\"https:\/\/www.autoescolaolivella.com\/assets\/2023\/12\/slider-2-shape-3.png\" alt=\"slider-2-shape-3\" title=\"slider-2-shape-3\" class=\"main-slider-two__layer__shape\" >\t\t\t\t\t\t<\/div>\r\n\t\t\t\t\t\t<div class=\"main-slider-two__layer-two\">\r\n\t\t\t\t\t\t\t<img decoding=\"async\" src=\"https:\/\/www.autoescolaolivella.com\/assets\/2023\/12\/slider-2-car.png\" alt=\"slider-2-car\" title=\"slider-2-car\" >\t\t\t\t\t\t<\/div>\r\n\t\t\t\t\t<\/div>\r\n\t\t\t\t<\/div>\r\n\t\t\t\t\t\t\t<div class=\"item\">\r\n\t\t\t\t\t<div class=\"main-slider-two__item\">\r\n\t\t\t\t\t\t<div class=\"main-slider-two__bg\" style=\"background-image: url(https:\/\/bracketweb.com\/drivscholwp\/wp-content\/uploads\/2023\/12\/slider-2-1.png);\"><\/div>\r\n\t\t\t\t\t\t<div class=\"container\">\r\n\t\t\t\t\t\t\t<div class=\"row\">\r\n\t\t\t\t\t\t\t\t<div class=\"col-md-12\">\r\n\t\t\t\t\t\t\t\t\t<div class=\"main-slider-two__content\">\r\n\t\t\t\t\t\t\t\t\t\t<h5 class=\"main-slider-two__sub-title\">\r\n\t\t\t\t\t\t\t\t\t\t\t<span>Tots els carnets en un sol lloc<\/span>\r\n\t\t\t\t\t\t\t\t\t\t<\/h5>\r\n\t\t\t\t\t\t\t\t\t\t<h2 class=\"main-slider-two__title\">\r\n\t\t\t\t\t\t\t\t\t\t\tEl Transport ,<br> El Teu futur\t\t\t\t\t\t\t\t\t\t\t<span class=\"main-slider-two__title__image\">\r\n\t\t\t\t\t\t\t\t\t\t\t\t<img decoding=\"async\" src=\"https:\/\/www.autoescolaolivella.com\/assets\/2023\/12\/slider-2-shape-1.png\" alt=\"slider-2-shape-1\" title=\"slider-2-shape-1\" >\t\t\t\t\t\t\t\t\t\t\t<\/span>\r\n\t\t\t\t\t\t\t\t\t\t<\/h2><!-- slider-title -->\r\n\t\t\t\t\t\t\t\t\t\t\t\t\t\t\t\t\t\t\t\t\t<div class=\"main-slider-two__btn\">\r\n\t\t\t\t\t\t\t\t\t\t\t\t<a href=\"https:\/\/www.autoescolaolivella.com\/index.php\/autoescola\/professionals\/\" class=\"drivschol-btn drivschol-btn--base2\">\r\n\t\t\t\t\t\t\t\t\t\t\t\t\t<span>Comen\u00e7a<\/span>\r\n\t\t\t\t\t\t\t\t\t\t\t\t<\/a><!-- slider-btn -->\r\n\t\t\t\t\t\t\t\t\t\t\t<\/div>\r\n\t\t\t\t\t\t\t\t\t\t\t\t\t\t\t\t\t\t\t<\/div>\r\n\t\t\t\t\t\t\t\t<\/div>\r\n\t\t\t\t\t\t\t<\/div>\r\n\t\t\t\t\t\t<\/div>\r\n\t\t\t\t\t\t<div class=\"main-slider-two__layer\">\r\n\t\t\t\t\t\t\t<img decoding=\"async\" src=\"https:\/\/www.autoescolaolivella.com\/assets\/2023\/12\/slider-2-shape-2.png\" alt=\"slider-2-shape-2\" title=\"slider-2-shape-2\" >\t\t\t\t\t\t\t<img decoding=\"async\" src=\"https:\/\/www.autoescolaolivella.com\/assets\/2023\/12\/slider-2-shape-3.png\" alt=\"slider-2-shape-3\" title=\"slider-2-shape-3\" class=\"main-slider-two__layer__shape\" >\t\t\t\t\t\t<\/div>\r\n\t\t\t\t\t\t<div class=\"main-slider-two__layer-two\">\r\n\t\t\t\t\t\t\t<img decoding=\"async\" src=\"https:\/\/www.autoescolaolivella.com\/assets\/2023\/12\/slider-2-car.png\" alt=\"slider-2-car\" title=\"slider-2-car\" >\t\t\t\t\t\t<\/div>\r\n\t\t\t\t\t<\/div>\r\n\t\t\t\t<\/div>\r\n\t\t\t\t\t\t\t<div class=\"item\">\r\n\t\t\t\t\t<div class=\"main-slider-two__item\">\r\n\t\t\t\t\t\t<div class=\"main-slider-two__bg\" style=\"background-image: url(https:\/\/bracketweb.com\/drivscholwp\/wp-content\/uploads\/2023\/12\/slider-2-1.png);\"><\/div>\r\n\t\t\t\t\t\t<div class=\"container\">\r\n\t\t\t\t\t\t\t<div class=\"row\">\r\n\t\t\t\t\t\t\t\t<div class=\"col-md-12\">\r\n\t\t\t\t\t\t\t\t\t<div class=\"main-slider-two__content\">\r\n\t\t\t\t\t\t\t\t\t\t<h5 class=\"main-slider-two__sub-title\">\r\n\t\t\t\t\t\t\t\t\t\t\t<span>Welcome to Our Drivschol<\/span>\r\n\t\t\t\t\t\t\t\t\t\t<\/h5>\r\n\t\t\t\t\t\t\t\t\t\t<h2 class=\"main-slider-two__title\">\r\n\t\t\t\t\t\t\t\t\t\t\tRecupera Punts o<br> El Teu Perm\u00eds\t\t\t\t\t\t\t\t\t\t\t<span class=\"main-slider-two__title__image\">\r\n\t\t\t\t\t\t\t\t\t\t\t\t<img decoding=\"async\" src=\"https:\/\/www.autoescolaolivella.com\/assets\/2023\/12\/slider-2-shape-1.png\" alt=\"slider-2-shape-1\" title=\"slider-2-shape-1\" >\t\t\t\t\t\t\t\t\t\t\t<\/span>\r\n\t\t\t\t\t\t\t\t\t\t<\/h2><!-- slider-title -->\r\n\t\t\t\t\t\t\t\t\t\t\t\t\t\t\t\t\t\t\t\t\t<div class=\"main-slider-two__btn\">\r\n\t\t\t\t\t\t\t\t\t\t\t\t<a href=\"https:\/\/www.autoescolaolivella.com\/index.php\/autoescola\/recuperacio-i-reciclatge\/\" class=\"drivschol-btn drivschol-btn--base2\">\r\n\t\t\t\t\t\t\t\t\t\t\t\t\t<span>M\u00e9s Informaci\u00f3<\/span>\r\n\t\t\t\t\t\t\t\t\t\t\t\t<\/a><!-- slider-btn -->\r\n\t\t\t\t\t\t\t\t\t\t\t<\/div>\r\n\t\t\t\t\t\t\t\t\t\t\t\t\t\t\t\t\t\t\t<\/div>\r\n\t\t\t\t\t\t\t\t<\/div>\r\n\t\t\t\t\t\t\t<\/div>\r\n\t\t\t\t\t\t<\/div>\r\n\t\t\t\t\t\t<div class=\"main-slider-two__layer\">\r\n\t\t\t\t\t\t\t<img decoding=\"async\" src=\"https:\/\/www.autoescolaolivella.com\/assets\/2023\/12\/slider-2-shape-2.png\" alt=\"slider-2-shape-2\" title=\"slider-2-shape-2\" >\t\t\t\t\t\t\t<img decoding=\"async\" src=\"https:\/\/www.autoescolaolivella.com\/assets\/2023\/12\/slider-2-shape-3.png\" alt=\"slider-2-shape-3\" title=\"slider-2-shape-3\" class=\"main-slider-two__layer__shape\" >\t\t\t\t\t\t<\/div>\r\n\t\t\t\t\t\t<div class=\"main-slider-two__layer-two\">\r\n\t\t\t\t\t\t\t<img decoding=\"async\" src=\"https:\/\/www.autoescolaolivella.com\/assets\/2023\/12\/slider-2-car.png\" alt=\"slider-2-car\" title=\"slider-2-car\" >\t\t\t\t\t\t<\/div>\r\n\t\t\t\t\t<\/div>\r\n\t\t\t\t<\/div>\r\n\t\t\t\t\t<\/div>\r\n\t<\/section><!-- .\/main-slider-two -->\r\n\t<!--Main Slider End-->\r\n\r\n\t\t\t\t<\/div>\n\t\t\t\t<\/div>\n\t\t\t\t<\/div>\n\t\t\t\t<\/div>\n\t\t","protected":false},"excerpt":{"rendered":"<p>Benvingut a l&#8217;Autoescola Olivella Sigues lliure, treu-te el carnet Comen\u00e7a Tots els carnets en un sol lloc El Transport , El Teu futur Comen\u00e7a Welcome to Our Drivschol Recupera Punts o El Teu Perm\u00eds M\u00e9s Informaci\u00f3<\/p>\n","protected":false},"author":7,"featured_media":0,"parent":0,"menu_order":0,"comment_status":"closed","ping_status":"closed","template":"elementor_header_footer","meta":{"footnotes":""},"class_list":["post-4581","page","type-page","status-publish","hentry"],"_links":{"self":[{"href":"https:\/\/www.autoescolaolivella.com\/index.php\/wp-json\/wp\/v2\/pages\/4581","targetHints":{"allow":["GET"]}}],"collection":[{"href":"https:\/\/www.autoescolaolivella.com\/index.php\/wp-json\/wp\/v2\/pages"}],"about":[{"href":"https:\/\/www.autoescolaolivella.com\/index.php\/wp-json\/wp\/v2\/types\/page"}],"author":[{"embeddable":true,"href":"https:\/\/www.autoescolaolivella.com\/index.php\/wp-json\/wp\/v2\/users\/7"}],"replies":[{"embeddable":true,"href":"https:\/\/www.autoescolaolivella.com\/index.php\/wp-json\/wp\/v2\/comments?post=4581"}],"version-history":[{"count":8,"href":"https:\/\/www.autoescolaolivella.com\/index.php\/wp-json\/wp\/v2\/pages\/4581\/revisions"}],"predecessor-version":[{"id":5307,"href":"https:\/\/www.autoescolaolivella.com\/index.php\/wp-json\/wp\/v2\/pages\/4581\/revisions\/5307"}],"wp:attachment":[{"href":"https:\/\/www.autoescolaolivella.com\/index.php\/wp-json\/wp\/v2\/media?parent=4581"}],"curies":[{"name":"wp","href":"https:\/\/api.w.org\/{rel}","templated":true}]}}