{"id":4583,"date":"2025-08-16T19:21:40","date_gmt":"2025-08-16T17:21:40","guid":{"rendered":"https:\/\/www.autoescolaolivella.com\/000000\/?page_id=4583"},"modified":"2025-09-16T15:15:00","modified_gmt":"2025-09-16T13:15:00","slug":"carnets","status":"publish","type":"page","link":"https:\/\/www.autoescolaolivella.com\/index.php\/autoescola\/carnets\/","title":{"rendered":"Carnets"},"content":{"rendered":"\t\t<div data-elementor-type=\"wp-page\" data-elementor-id=\"4583\" class=\"elementor elementor-4583\">\n\t\t\t\t<div class=\"elementor-element elementor-element-305b940f e-con-full e-flex e-con e-parent\" data-id=\"305b940f\" data-element_type=\"container\" data-e-type=\"container\" data-settings=\"{&quot;background_background&quot;:&quot;slideshow&quot;,&quot;background_slideshow_gallery&quot;:[{&quot;id&quot;:5214,&quot;url&quot;:&quot;https:\\\/\\\/www.autoescolaolivella.com\\\/assets\\\/2025\\\/09\\\/abstract-white-background-with-wavy-shapes-flowing-and-curvy-shapes-this-asset-is-suitable-for-website-backgrounds-flyers-posters-and-digital-art-projects-free-vector.webp&quot;}],&quot;background_slideshow_loop&quot;:&quot;yes&quot;,&quot;background_slideshow_slide_duration&quot;:5000,&quot;background_slideshow_slide_transition&quot;:&quot;fade&quot;,&quot;background_slideshow_transition_duration&quot;:500}\">\n\t\t\t\t<div class=\"elementor-element elementor-element-2d97402f elementor-widget elementor-widget-drivschol-service\" data-id=\"2d97402f\" data-element_type=\"widget\" data-e-type=\"widget\" data-widget_type=\"drivschol-service.default\">\n\t\t\t\t<div class=\"elementor-widget-container\">\n\t\t\t\t\t\r\n\t<!-- Service Two Start -->\r\n\t<section class=\"service-two\">\r\n\t\t<div class=\"service-two__bg\" style=\"background-image: url(https:\/\/bracketweb.com\/drivscholwp\/wp-content\/uploads\/2023\/12\/service-bg-2-1.png);\"><\/div><!-- \/.service-two__bg -->\r\n\t\t<div class=\"container\">\r\n\t\t\t<div class=\"row\">\r\n\t\t\t\t<div class=\"col-12\">\r\n\t\t\t\t\t<div class=\"sec-title  text-center wow fadeInUp\" data-wow-duration='300ms'>\r\n\r\n\t\t\t\t\t\t\t\t\t\t\t\t\t<h6 class=\"sec-title__tagline\">\r\n\t\t\t\t\t\t\t\t<span aria-hidden=\"true\" class=\"sec-title__img far fa-star\"><\/span>\t\t\t\t\t\t\t\tComen\u00e7a avui, condueix dem\u00e0\t\t\t\t\t\t\t\t<span aria-hidden=\"true\" class=\"sec-title__img far fa-star\"><\/span>\t\t\t\t\t\t\t<\/h6><!-- \/.sec-title__tagline -->\r\n\t\t\t\t\t\t\t\t\t\t\t\t<h3 class=\"sec-title__title\">Tots els permisos de conduir <br>en un sol lloc<\/h3>\t\t\t\t\t<\/div><!-- \/.sec-title -->\r\n\t\t\t\t<\/div><!-- \/.col-12 -->\r\n\t\t\t<\/div><!-- \/.row -->\r\n\t\t\t<div class=\"row\">\r\n\t\t\t\t\t\t\t\t\t<div class=\"col-xl-3 col-lg-4 col-md-6 col-sm-12\">\r\n\t\t\t\t\t\t<div class=\"service-two__single  wow fadeInUp\" data-wow-delay='300ms'>\r\n\t\t\t\t\t\t\t<a href=\"https:\/\/www.autoescolaolivella.com\/index.php\/autoescola\/carnets\/permis-a\/\" class=\"service-two__single__image\">\r\n\t\t\t\t\t\t\t\t<img decoding=\"async\" src=\"https:\/\/www.autoescolaolivella.com\/assets\/2025\/09\/motoA-e1758026422274.webp\" alt=\"motoA\" title=\"motoA\" >\t\t\t\t\t\t\t<\/a><!-- \/.service-two__single__image -->\r\n\t\t\t\t\t\t\t<div class=\"service-two__single__icon\">\r\n\t\t\t\t\t\t\t\t<i aria-hidden=\"true\" class=\"fas fa-plus\"><\/i>\t\t\t\t\t\t\t<\/div><!-- \/.service-two__single__image__icon -->\r\n\t\t\t\t\t\t\t<div class=\"service-two__single__content\">\r\n\t\t\t\t\t\t\t\t<h4 class=\"service-two__single__content__title\">\r\n\t\t\t\t\t\t\t\t\t<a href=\"https:\/\/www.autoescolaolivella.com\/index.php\/autoescola\/carnets\/permis-a\/\">Perm\u00eds A<\/a>\r\n\t\t\t\t\t\t\t\t<\/h4>\r\n\t\t\t\t\t\t\t\t<p class=\"service-two__single__content__text\">Conduce cualquier moto sin l\u00edmites de potencia. Formaci\u00f3n pr\u00e1ctica y segura. <\/p><!-- \/.service-two__single__text -->\r\n\t\t\t\t\t\t\t<\/div><!-- \/.service-two__single__content -->\r\n\t\t\t\t\t\t<\/div><!-- \/.service-two__single -->\r\n\t\t\t\t\t<\/div><!-- \/.col-lg-3 col-md-6 col-sm-12 -->\r\n\t\t\t\t\t\t\t\t\t<div class=\"col-xl-3 col-lg-4 col-md-6 col-sm-12\">\r\n\t\t\t\t\t\t<div class=\"service-two__single  wow fadeInUp\" data-wow-delay='300ms'>\r\n\t\t\t\t\t\t\t<a href=\"https:\/\/www.autoescolaolivella.com\/index.php\/autoescola\/carnets\/permis-a2\/\" class=\"service-two__single__image\">\r\n\t\t\t\t\t\t\t\t<img decoding=\"async\" src=\"https:\/\/www.autoescolaolivella.com\/assets\/2025\/09\/Moto2-e1758026624805.jpg\" alt=\"Moto(2)\" title=\"Moto(2)\" >\t\t\t\t\t\t\t<\/a><!-- \/.service-two__single__image -->\r\n\t\t\t\t\t\t\t<div class=\"service-two__single__icon\">\r\n\t\t\t\t\t\t\t\t<i aria-hidden=\"true\" class=\"fas fa-plus\"><\/i>\t\t\t\t\t\t\t<\/div><!-- \/.service-two__single__image__icon -->\r\n\t\t\t\t\t\t\t<div class=\"service-two__single__content\">\r\n\t\t\t\t\t\t\t\t<h4 class=\"service-two__single__content__title\">\r\n\t\t\t\t\t\t\t\t\t<a href=\"https:\/\/www.autoescolaolivella.com\/index.php\/autoescola\/carnets\/permis-a2\/\">Perm\u00eds A2<\/a>\r\n\t\t\t\t\t\t\t\t<\/h4>\r\n\t\t\t\t\t\t\t\t<p class=\"service-two__single__content__text\">Conduce motos de hasta 35kW y gana experiencia en carretera con seguridad y confianza.<\/p><!-- \/.service-two__single__text -->\r\n\t\t\t\t\t\t\t<\/div><!-- \/.service-two__single__content -->\r\n\t\t\t\t\t\t<\/div><!-- \/.service-two__single -->\r\n\t\t\t\t\t<\/div><!-- \/.col-lg-3 col-md-6 col-sm-12 -->\r\n\t\t\t\t\t\t\t\t\t<div class=\"col-xl-3 col-lg-4 col-md-6 col-sm-12\">\r\n\t\t\t\t\t\t<div class=\"service-two__single  wow fadeInUp\" data-wow-delay='300ms'>\r\n\t\t\t\t\t\t\t<a href=\"https:\/\/www.autoescolaolivella.com\/index.php\/autoescola\/carnets\/permis-a1\/\" class=\"service-two__single__image\">\r\n\t\t\t\t\t\t\t\t<img decoding=\"async\" src=\"https:\/\/www.autoescolaolivella.com\/assets\/2025\/09\/MotoA1-e1758026683787.webp\" alt=\"MotoA1\" title=\"MotoA1\" >\t\t\t\t\t\t\t<\/a><!-- \/.service-two__single__image -->\r\n\t\t\t\t\t\t\t<div class=\"service-two__single__icon\">\r\n\t\t\t\t\t\t\t\t<i aria-hidden=\"true\" class=\"fas fa-plus\"><\/i>\t\t\t\t\t\t\t<\/div><!-- \/.service-two__single__image__icon -->\r\n\t\t\t\t\t\t\t<div class=\"service-two__single__content\">\r\n\t\t\t\t\t\t\t\t<h4 class=\"service-two__single__content__title\">\r\n\t\t\t\t\t\t\t\t\t<a href=\"https:\/\/www.autoescolaolivella.com\/index.php\/autoescola\/carnets\/permis-a1\/\">Perm\u00eds A1<\/a>\r\n\t\t\t\t\t\t\t\t<\/h4>\r\n\t\t\t\t\t\t\t\t<p class=\"service-two__single__content__text\">Motos de hasta 125cc desde los 16 a\u00f1os, ideal para iniciarte en la conducci\u00f3n con seguridad.<\/p><!-- \/.service-two__single__text -->\r\n\t\t\t\t\t\t\t<\/div><!-- \/.service-two__single__content -->\r\n\t\t\t\t\t\t<\/div><!-- \/.service-two__single -->\r\n\t\t\t\t\t<\/div><!-- \/.col-lg-3 col-md-6 col-sm-12 -->\r\n\t\t\t\t\t\t\t\t\t<div class=\"col-xl-3 col-lg-4 col-md-6 col-sm-12\">\r\n\t\t\t\t\t\t<div class=\"service-two__single  wow fadeInUp\" data-wow-delay='300ms'>\r\n\t\t\t\t\t\t\t<a href=\"https:\/\/bracketweb.com\/drivscholwp\/safety-instruction\/\" class=\"service-two__single__image\" target=\"_blank\" rel=\"noopener\">\r\n\t\t\t\t\t\t\t\t<img decoding=\"async\" src=\"https:\/\/www.autoescolaolivella.com\/assets\/2025\/09\/motoAM-e1758026742712.jpg\" alt=\"motoAM\" title=\"motoAM\" >\t\t\t\t\t\t\t<\/a><!-- \/.service-two__single__image -->\r\n\t\t\t\t\t\t\t<div class=\"service-two__single__icon\">\r\n\t\t\t\t\t\t\t\t<i aria-hidden=\"true\" class=\"fas fa-plus\"><\/i>\t\t\t\t\t\t\t<\/div><!-- \/.service-two__single__image__icon -->\r\n\t\t\t\t\t\t\t<div class=\"service-two__single__content\">\r\n\t\t\t\t\t\t\t\t<h4 class=\"service-two__single__content__title\">\r\n\t\t\t\t\t\t\t\t\t<a href=\"https:\/\/bracketweb.com\/drivscholwp\/safety-instruction\/\" target=\"_blank\" rel=\"noopener\">Perm\u00eds AM<\/a>\r\n\t\t\t\t\t\t\t\t<\/h4>\r\n\t\t\t\t\t\t\t\t<p class=\"service-two__single__content__text\">Conduce ciclomotores de hasta 50cc desde los 15 a\u00f1os y mu\u00e9vete con total libertad.<\/p><!-- \/.service-two__single__text -->\r\n\t\t\t\t\t\t\t<\/div><!-- \/.service-two__single__content -->\r\n\t\t\t\t\t\t<\/div><!-- \/.service-two__single -->\r\n\t\t\t\t\t<\/div><!-- \/.col-lg-3 col-md-6 col-sm-12 -->\r\n\t\t\t\t\t\t\t\t\t<div class=\"col-xl-3 col-lg-4 col-md-6 col-sm-12\">\r\n\t\t\t\t\t\t<div class=\"service-two__single  wow fadeInUp\" data-wow-delay='300ms'>\r\n\t\t\t\t\t\t\t<a href=\"https:\/\/www.autoescolaolivella.com\/index.php\/autoescola\/carnets\/permis-b\/\" class=\"service-two__single__image\">\r\n\t\t\t\t\t\t\t\t<img decoding=\"async\" src=\"https:\/\/www.autoescolaolivella.com\/assets\/2025\/09\/KIA-OLIVELLA-3.jpg\" alt=\"KIA-OLIVELLA-3\" title=\"KIA-OLIVELLA-3\" >\t\t\t\t\t\t\t<\/a><!-- \/.service-two__single__image -->\r\n\t\t\t\t\t\t\t<div class=\"service-two__single__icon\">\r\n\t\t\t\t\t\t\t\t<i aria-hidden=\"true\" class=\"fas fa-plus\"><\/i>\t\t\t\t\t\t\t<\/div><!-- \/.service-two__single__image__icon -->\r\n\t\t\t\t\t\t\t<div class=\"service-two__single__content\">\r\n\t\t\t\t\t\t\t\t<h4 class=\"service-two__single__content__title\">\r\n\t\t\t\t\t\t\t\t\t<a href=\"https:\/\/www.autoescolaolivella.com\/index.php\/autoescola\/carnets\/permis-b\/\">Perm\u00eds B<\/a>\r\n\t\t\t\t\t\t\t\t<\/h4>\r\n\t\t\t\t\t\t\t\t<p class=\"service-two__single__content__text\">El carnet m\u00e1s com\u00fan: conduce turismos y furgonetas ligeras con total libertad y confianza.<\/p><!-- \/.service-two__single__text -->\r\n\t\t\t\t\t\t\t<\/div><!-- \/.service-two__single__content -->\r\n\t\t\t\t\t\t<\/div><!-- \/.service-two__single -->\r\n\t\t\t\t\t<\/div><!-- \/.col-lg-3 col-md-6 col-sm-12 -->\r\n\t\t\t\t\t\t\t\t\t<div class=\"col-xl-3 col-lg-4 col-md-6 col-sm-12\">\r\n\t\t\t\t\t\t<div class=\"service-two__single  wow fadeInUp\" data-wow-delay='300ms'>\r\n\t\t\t\t\t\t\t<a href=\"https:\/\/www.autoescolaolivella.com\/index.php\/autoescola\/carnets\/autoritzacio-b96\/\" class=\"service-two__single__image\">\r\n\t\t\t\t\t\t\t\t<img decoding=\"async\" src=\"https:\/\/www.autoescolaolivella.com\/assets\/2025\/08\/cotxe_remolc-320x205-1.webp\" alt=\"cotxe_remolc-320x205\" title=\"cotxe_remolc-320&#215;205\" >\t\t\t\t\t\t\t<\/a><!-- \/.service-two__single__image -->\r\n\t\t\t\t\t\t\t<div class=\"service-two__single__icon\">\r\n\t\t\t\t\t\t\t\t<i aria-hidden=\"true\" class=\"fas fa-plus\"><\/i>\t\t\t\t\t\t\t<\/div><!-- \/.service-two__single__image__icon -->\r\n\t\t\t\t\t\t\t<div class=\"service-two__single__content\">\r\n\t\t\t\t\t\t\t\t<h4 class=\"service-two__single__content__title\">\r\n\t\t\t\t\t\t\t\t\t<a href=\"https:\/\/www.autoescolaolivella.com\/index.php\/autoescola\/carnets\/autoritzacio-b96\/\">Autoritzaci\u00f3 B96<\/a>\r\n\t\t\t\t\t\t\t\t<\/h4>\r\n\t\t\t\t\t\t\t\t<p class=\"service-two__single__content__text\">Conduce conjuntos de hasta 4.250 kg con el carnet B, perfecto para remolques.<\/p><!-- \/.service-two__single__text -->\r\n\t\t\t\t\t\t\t<\/div><!-- \/.service-two__single__content -->\r\n\t\t\t\t\t\t<\/div><!-- \/.service-two__single -->\r\n\t\t\t\t\t<\/div><!-- \/.col-lg-3 col-md-6 col-sm-12 -->\r\n\t\t\t\t\t\t\t\t\t<div class=\"col-xl-3 col-lg-4 col-md-6 col-sm-12\">\r\n\t\t\t\t\t\t<div class=\"service-two__single  wow fadeInUp\" data-wow-delay='300ms'>\r\n\t\t\t\t\t\t\t<a href=\"https:\/\/www.autoescolaolivella.com\/index.php\/autoescola\/carnets\/permis-be\/\" class=\"service-two__single__image\">\r\n\t\t\t\t\t\t\t\t<img decoding=\"async\" src=\"https:\/\/www.autoescolaolivella.com\/assets\/2025\/09\/Imagen-de-WhatsApp-2025-09-16-a-las-12.32.46_766ed6cd-e1758026829601.jpg\" alt=\"Imagen de WhatsApp 2025-09-16 a las 12.32.46_766ed6cd\" title=\"Imagen de WhatsApp 2025-09-16 a las 12.32.46_766ed6cd\" >\t\t\t\t\t\t\t<\/a><!-- \/.service-two__single__image -->\r\n\t\t\t\t\t\t\t<div class=\"service-two__single__icon\">\r\n\t\t\t\t\t\t\t\t<i aria-hidden=\"true\" class=\"fas fa-plus\"><\/i>\t\t\t\t\t\t\t<\/div><!-- \/.service-two__single__image__icon -->\r\n\t\t\t\t\t\t\t<div class=\"service-two__single__content\">\r\n\t\t\t\t\t\t\t\t<h4 class=\"service-two__single__content__title\">\r\n\t\t\t\t\t\t\t\t\t<a href=\"https:\/\/www.autoescolaolivella.com\/index.php\/autoescola\/carnets\/permis-be\/\">Perm\u00eds B+E<\/a>\r\n\t\t\t\t\t\t\t\t<\/h4>\r\n\t\t\t\t\t\t\t\t<p class=\"service-two__single__content__text\">Carnet para turismos con remolques grandes de hasta 7.000 kg de conjunto.<\/p><!-- \/.service-two__single__text -->\r\n\t\t\t\t\t\t\t<\/div><!-- \/.service-two__single__content -->\r\n\t\t\t\t\t\t<\/div><!-- \/.service-two__single -->\r\n\t\t\t\t\t<\/div><!-- \/.col-lg-3 col-md-6 col-sm-12 -->\r\n\t\t\t\t\t\t\t\t\t<div class=\"col-xl-3 col-lg-4 col-md-6 col-sm-12\">\r\n\t\t\t\t\t\t<div class=\"service-two__single  wow fadeInUp\" data-wow-delay='300ms'>\r\n\t\t\t\t\t\t\t<a href=\"https:\/\/www.autoescolaolivella.com\/index.php\/autoescola\/carnets\/permis-c\/\" class=\"service-two__single__image\">\r\n\t\t\t\t\t\t\t\t<img decoding=\"async\" src=\"https:\/\/www.autoescolaolivella.com\/assets\/2025\/09\/PermisC.jpg\" alt=\"Perm\u00edsC\" title=\"Perm\u00edsC\" >\t\t\t\t\t\t\t<\/a><!-- \/.service-two__single__image -->\r\n\t\t\t\t\t\t\t<div class=\"service-two__single__icon\">\r\n\t\t\t\t\t\t\t\t<i aria-hidden=\"true\" class=\"fas fa-plus\"><\/i>\t\t\t\t\t\t\t<\/div><!-- \/.service-two__single__image__icon -->\r\n\t\t\t\t\t\t\t<div class=\"service-two__single__content\">\r\n\t\t\t\t\t\t\t\t<h4 class=\"service-two__single__content__title\">\r\n\t\t\t\t\t\t\t\t\t<a href=\"https:\/\/www.autoescolaolivella.com\/index.php\/autoescola\/carnets\/permis-c\/\">Perm\u00eds C<\/a>\r\n\t\t\t\t\t\t\t\t<\/h4>\r\n\t\t\t\t\t\t\t\t<p class=\"service-two__single__content__text\">Carnet para camiones de m\u00e1s de 3.500 kg, con posibilidad de llevar un remolque ligero.<\/p><!-- \/.service-two__single__text -->\r\n\t\t\t\t\t\t\t<\/div><!-- \/.service-two__single__content -->\r\n\t\t\t\t\t\t<\/div><!-- \/.service-two__single -->\r\n\t\t\t\t\t<\/div><!-- \/.col-lg-3 col-md-6 col-sm-12 -->\r\n\t\t\t\t\t\t\t\t\t<div class=\"col-xl-3 col-lg-4 col-md-6 col-sm-12\">\r\n\t\t\t\t\t\t<div class=\"service-two__single  wow fadeInUp\" data-wow-delay='300ms'>\r\n\t\t\t\t\t\t\t<a href=\"https:\/\/www.autoescolaolivella.com\/index.php\/autoescola\/carnets\/permis-ce\/\" class=\"service-two__single__image\">\r\n\t\t\t\t\t\t\t\t<img decoding=\"async\" src=\"https:\/\/www.autoescolaolivella.com\/assets\/2025\/09\/Imagen-de-WhatsApp-2025-09-16-a-las-12.32.46_fab7c85e.jpg\" alt=\"Imagen de WhatsApp 2025-09-16 a las 12.32.46_fab7c85e\" title=\"Imagen de WhatsApp 2025-09-16 a las 12.32.46_fab7c85e\" >\t\t\t\t\t\t\t<\/a><!-- \/.service-two__single__image -->\r\n\t\t\t\t\t\t\t<div class=\"service-two__single__icon\">\r\n\t\t\t\t\t\t\t\t<i aria-hidden=\"true\" class=\"fas fa-plus\"><\/i>\t\t\t\t\t\t\t<\/div><!-- \/.service-two__single__image__icon -->\r\n\t\t\t\t\t\t\t<div class=\"service-two__single__content\">\r\n\t\t\t\t\t\t\t\t<h4 class=\"service-two__single__content__title\">\r\n\t\t\t\t\t\t\t\t\t<a href=\"https:\/\/www.autoescolaolivella.com\/index.php\/autoescola\/carnets\/permis-ce\/\">Perm\u00eds C+E<\/a>\r\n\t\t\t\t\t\t\t\t<\/h4>\r\n\t\t\t\t\t\t\t\t<p class=\"service-two__single__content__text\">Permiso para camiones pesados con remolque grande, el conjunto m\u00e1s completo del transporte de mercanc\u00edas.<\/p><!-- \/.service-two__single__text -->\r\n\t\t\t\t\t\t\t<\/div><!-- \/.service-two__single__content -->\r\n\t\t\t\t\t\t<\/div><!-- \/.service-two__single -->\r\n\t\t\t\t\t<\/div><!-- \/.col-lg-3 col-md-6 col-sm-12 -->\r\n\t\t\t\t\t\t\t\t\t<div class=\"col-xl-3 col-lg-4 col-md-6 col-sm-12\">\r\n\t\t\t\t\t\t<div class=\"service-two__single  wow fadeInUp\" data-wow-delay='300ms'>\r\n\t\t\t\t\t\t\t<a href=\"https:\/\/www.autoescolaolivella.com\/index.php\/autoescola\/carnets\/permis-d\/\" class=\"service-two__single__image\">\r\n\t\t\t\t\t\t\t\t<img decoding=\"async\" src=\"https:\/\/www.autoescolaolivella.com\/assets\/2025\/09\/Imagen-de-WhatsApp-2025-09-16-a-las-14.21.53_ae86e3c1-e1758025368860.jpg\" alt=\"Imagen de WhatsApp 2025-09-16 a las 14.21.53_ae86e3c1\" title=\"Imagen de WhatsApp 2025-09-16 a las 14.21.53_ae86e3c1\" >\t\t\t\t\t\t\t<\/a><!-- \/.service-two__single__image -->\r\n\t\t\t\t\t\t\t<div class=\"service-two__single__icon\">\r\n\t\t\t\t\t\t\t\t<i aria-hidden=\"true\" class=\"fas fa-plus\"><\/i>\t\t\t\t\t\t\t<\/div><!-- \/.service-two__single__image__icon -->\r\n\t\t\t\t\t\t\t<div class=\"service-two__single__content\">\r\n\t\t\t\t\t\t\t\t<h4 class=\"service-two__single__content__title\">\r\n\t\t\t\t\t\t\t\t\t<a href=\"https:\/\/www.autoescolaolivella.com\/index.php\/autoescola\/carnets\/permis-d\/\">Perm\u00eds D<\/a>\r\n\t\t\t\t\t\t\t\t<\/h4>\r\n\t\t\t\t\t\t\t\t<p class=\"service-two__single__content__text\">Carnet para conducir autobuses destinados al transporte de pasajeros con total seguridad.<\/p><!-- \/.service-two__single__text -->\r\n\t\t\t\t\t\t\t<\/div><!-- \/.service-two__single__content -->\r\n\t\t\t\t\t\t<\/div><!-- \/.service-two__single -->\r\n\t\t\t\t\t<\/div><!-- \/.col-lg-3 col-md-6 col-sm-12 -->\r\n\t\t\t\t\t\t\t<\/div><!-- \/.row -->\r\n\t\t<\/div><!-- \/.container -->\r\n\t<\/section><!-- \/.service-two -->\r\n\r\n\t<!-- Service Two End -->\r\n\r\n\t\t\t\t<\/div>\n\t\t\t\t<\/div>\n\t\t\t\t<\/div>\n\t\t\t\t<\/div>\n\t\t","protected":false},"excerpt":{"rendered":"<p>Comen\u00e7a avui, condueix dem\u00e0 Tots els permisos de conduir en un sol lloc Perm\u00eds A Conduce cualquier moto sin l\u00edmites de potencia. Formaci\u00f3n pr\u00e1ctica y segura. Perm\u00eds A2 Conduce motos de hasta 35kW y gana experiencia en carretera con seguridad y confianza. Perm\u00eds A1 Motos de hasta 125cc desde los 16 a\u00f1os, ideal para iniciarte [&hellip;]<\/p>\n","protected":false},"author":7,"featured_media":0,"parent":4581,"menu_order":0,"comment_status":"closed","ping_status":"closed","template":"elementor_header_footer","meta":{"footnotes":""},"class_list":["post-4583","page","type-page","status-publish","hentry"],"_links":{"self":[{"href":"https:\/\/www.autoescolaolivella.com\/index.php\/wp-json\/wp\/v2\/pages\/4583","targetHints":{"allow":["GET"]}}],"collection":[{"href":"https:\/\/www.autoescolaolivella.com\/index.php\/wp-json\/wp\/v2\/pages"}],"about":[{"href":"https:\/\/www.autoescolaolivella.com\/index.php\/wp-json\/wp\/v2\/types\/page"}],"author":[{"embeddable":true,"href":"https:\/\/www.autoescolaolivella.com\/index.php\/wp-json\/wp\/v2\/users\/7"}],"replies":[{"embeddable":true,"href":"https:\/\/www.autoescolaolivella.com\/index.php\/wp-json\/wp\/v2\/comments?post=4583"}],"version-history":[{"count":27,"href":"https:\/\/www.autoescolaolivella.com\/index.php\/wp-json\/wp\/v2\/pages\/4583\/revisions"}],"predecessor-version":[{"id":5499,"href":"https:\/\/www.autoescolaolivella.com\/index.php\/wp-json\/wp\/v2\/pages\/4583\/revisions\/5499"}],"up":[{"embeddable":true,"href":"https:\/\/www.autoescolaolivella.com\/index.php\/wp-json\/wp\/v2\/pages\/4581"}],"wp:attachment":[{"href":"https:\/\/www.autoescolaolivella.com\/index.php\/wp-json\/wp\/v2\/media?parent=4583"}],"curies":[{"name":"wp","href":"https:\/\/api.w.org\/{rel}","templated":true}]}}