{"id":4591,"date":"2025-08-16T19:24:52","date_gmt":"2025-08-16T17:24:52","guid":{"rendered":"https:\/\/www.autoescolaolivella.com\/000000\/?page_id=4591"},"modified":"2025-09-16T12:35:06","modified_gmt":"2025-09-16T10:35:06","slug":"permis-a","status":"publish","type":"page","link":"https:\/\/www.autoescolaolivella.com\/index.php\/autoescola\/carnets\/permis-a\/","title":{"rendered":"Perm\u00eds A"},"content":{"rendered":"\t\t<div data-elementor-type=\"wp-page\" data-elementor-id=\"4591\" class=\"elementor elementor-4591\">\n\t\t\t\t<div class=\"elementor-element elementor-element-16c23d72 service-details e-flex e-con-boxed e-con e-parent\" data-id=\"16c23d72\" data-element_type=\"container\" data-e-type=\"container\" data-settings=\"{&quot;background_background&quot;:&quot;slideshow&quot;,&quot;background_slideshow_gallery&quot;:[{&quot;id&quot;:5214,&quot;url&quot;:&quot;https:\\\/\\\/www.autoescolaolivella.com\\\/assets\\\/2025\\\/09\\\/abstract-white-background-with-wavy-shapes-flowing-and-curvy-shapes-this-asset-is-suitable-for-website-backgrounds-flyers-posters-and-digital-art-projects-free-vector.webp&quot;}],&quot;background_slideshow_loop&quot;:&quot;yes&quot;,&quot;background_slideshow_slide_duration&quot;:5000,&quot;background_slideshow_slide_transition&quot;:&quot;fade&quot;,&quot;background_slideshow_transition_duration&quot;:500}\">\n\t\t\t\t\t<div class=\"e-con-inner\">\n\t\t<div class=\"elementor-element elementor-element-799438a8 e-con-full e-flex e-con e-child\" data-id=\"799438a8\" data-element_type=\"container\" data-e-type=\"container\">\n\t\t\t\t<div class=\"elementor-element elementor-element-2c17b3f3 elementor-widget elementor-widget-sidebar-nav\" data-id=\"2c17b3f3\" data-element_type=\"widget\" data-e-type=\"widget\" data-widget_type=\"sidebar-nav.default\">\n\t\t\t\t<div class=\"elementor-widget-container\">\n\t\t\t\t\t    <div class=\"service-sidebar__single  wow fadeInUp\" data-wow-delay='500ms'>\r\n        <h3 class=\"service-sidebar__title background-black-2\">ELS NOSTRES CARNETS<\/h3>                    <div class=\"menu-carnets-container\"><ul id=\"menu-carnets\" class=\"list-unstyled service-sidebar__nav ml-0\"><li id=\"menu-item-4820\" class=\"menu-item menu-item-type-post_type menu-item-object-page menu-item-4820\"><a href=\"https:\/\/www.autoescolaolivella.com\/index.php\/autoescola\/carnets\/autoritzacio-b96\/\">Autoritzaci\u00f3 B96<\/a><\/li>\n<li id=\"menu-item-4821\" class=\"menu-item menu-item-type-post_type menu-item-object-page menu-item-4821\"><a href=\"https:\/\/www.autoescolaolivella.com\/index.php\/autoescola\/carnets\/permis-a\/\">Perm\u00eds A<\/a><\/li>\n<li id=\"menu-item-4822\" class=\"menu-item menu-item-type-post_type menu-item-object-page menu-item-4822\"><a href=\"https:\/\/www.autoescolaolivella.com\/index.php\/autoescola\/carnets\/permis-a1\/\">Perm\u00eds A1<\/a><\/li>\n<li id=\"menu-item-4823\" class=\"menu-item menu-item-type-post_type menu-item-object-page menu-item-4823\"><a href=\"https:\/\/www.autoescolaolivella.com\/index.php\/autoescola\/carnets\/permis-a2\/\">Perm\u00eds A2<\/a><\/li>\n<li id=\"menu-item-4824\" class=\"menu-item menu-item-type-post_type menu-item-object-page menu-item-4824\"><a href=\"https:\/\/www.autoescolaolivella.com\/index.php\/autoescola\/carnets\/permis-am\/\">Perm\u00eds AM<\/a><\/li>\n<li id=\"menu-item-4825\" class=\"menu-item menu-item-type-post_type menu-item-object-page menu-item-4825\"><a href=\"https:\/\/www.autoescolaolivella.com\/index.php\/autoescola\/carnets\/permis-b\/\">Perm\u00eds B<\/a><\/li>\n<li id=\"menu-item-4826\" class=\"menu-item menu-item-type-post_type menu-item-object-page menu-item-4826\"><a href=\"https:\/\/www.autoescolaolivella.com\/index.php\/autoescola\/carnets\/permis-be\/\">Perm\u00eds B+E<\/a><\/li>\n<li id=\"menu-item-4827\" class=\"menu-item menu-item-type-post_type menu-item-object-page menu-item-4827\"><a href=\"https:\/\/www.autoescolaolivella.com\/index.php\/autoescola\/carnets\/permis-c\/\">Perm\u00eds C<\/a><\/li>\n<li id=\"menu-item-4828\" class=\"menu-item menu-item-type-post_type menu-item-object-page menu-item-4828\"><a href=\"https:\/\/www.autoescolaolivella.com\/index.php\/autoescola\/carnets\/permis-ce\/\">Perm\u00eds C+E<\/a><\/li>\n<li id=\"menu-item-4829\" class=\"menu-item menu-item-type-post_type menu-item-object-page menu-item-4829\"><a href=\"https:\/\/www.autoescolaolivella.com\/index.php\/autoescola\/carnets\/permis-d\/\">Perm\u00eds D<\/a><\/li>\n<li id=\"menu-item-4830\" class=\"menu-item menu-item-type-post_type menu-item-object-page menu-item-4830\"><a href=\"https:\/\/www.autoescolaolivella.com\/index.php\/autoescola\/carnets\/permis-lva\/\">Llic\u00e8ncia LVA<\/a><\/li>\n<\/ul><\/div>            <\/div><!-- \/.service-sidebar__single -->\r\n\t\t\t\t<\/div>\n\t\t\t\t<\/div>\n\t\t\t\t<div class=\"elementor-element elementor-element-93968ed elementor-widget elementor-widget-drivschol-sidebar-call-to-action\" data-id=\"93968ed\" data-element_type=\"widget\" data-e-type=\"widget\" data-widget_type=\"drivschol-sidebar-call-to-action.default\">\n\t\t\t\t<div class=\"elementor-widget-container\">\n\t\t\t\t\t\r\n    <div class=\"service-sidebar__single  wow fadeInUp\" data-wow-delay='500ms'>\r\n        <div class=\"service-sidebar__contact\">\r\n            <h3 class=\"service-sidebar__contact-title\">Vols treure\u2019t el perm\u00eds A?<\/h3>                            <div class=\"service-sidebar__contact-btn\">\r\n                    <a href=\"https:\/\/www.autoescolaolivella.com\/index.php\/contacte\/\"  class=\"drivschol-btn drivschol-btn--base2\">Contacta<\/a>\r\n                <\/div><!-- \/.service-sidebar__contact__icon -->\r\n                        <div class=\"service-sidebar__contact-image\">\r\n                <img decoding=\"async\" src=\"https:\/\/www.autoescolaolivella.com\/assets\/2023\/12\/service-m-1.png\" alt=\"service-m-1\" title=\"service-m-1\" >            <\/div>\r\n            <div class=\"service-sidebar__contact-angle\">\r\n                <svg width=\"370\" height=\"210\" viewBox=\"0 0 370 210\" fill=\"none\" xmlns=\"http:\/\/www.w3.org\/2000\/svg\">\r\n                    <path d=\"M259.647 0L0 210H370L259.647 0Z\" fill=\"#EC2526\" \/>\r\n                <\/svg>\r\n            <\/div>\r\n        <\/div><!-- \/.service-sidebar__contact -->\r\n    <\/div>\r\n\t\t\t\t<\/div>\n\t\t\t\t<\/div>\n\t\t\t\t<\/div>\n\t\t<div class=\"elementor-element elementor-element-4807b9ff e-con-full service-details__content e-flex e-con e-child\" data-id=\"4807b9ff\" data-element_type=\"container\" data-e-type=\"container\">\n\t\t\t\t<div class=\"elementor-element elementor-element-685d3270 elementor-widget elementor-widget-heading\" data-id=\"685d3270\" data-element_type=\"widget\" data-e-type=\"widget\" data-widget_type=\"heading.default\">\n\t\t\t\t\t<h3 class=\"elementor-heading-title elementor-size-default\">Perm\u00eds A<\/h3>\t\t\t\t<\/div>\n\t\t\t\t<div class=\"elementor-element elementor-element-4394ad37 elementor-widget elementor-widget-image\" data-id=\"4394ad37\" data-element_type=\"widget\" data-e-type=\"widget\" data-widget_type=\"image.default\">\n\t\t\t\t\t\t\t\t\t\t\t\t\t\t\t<img fetchpriority=\"high\" decoding=\"async\" width=\"1280\" height=\"815\" src=\"https:\/\/www.autoescolaolivella.com\/assets\/2025\/09\/motoA-e1758026422274.webp\" class=\"attachment-full size-full wp-image-5391\" alt=\"\" srcset=\"https:\/\/www.autoescolaolivella.com\/assets\/2025\/09\/motoA-e1758026422274.webp 1280w, https:\/\/www.autoescolaolivella.com\/assets\/2025\/09\/motoA-e1758026422274-220x140.webp 220w, https:\/\/www.autoescolaolivella.com\/assets\/2025\/09\/motoA-e1758026422274-320x204.webp 320w, https:\/\/www.autoescolaolivella.com\/assets\/2025\/09\/motoA-e1758026422274-768x489.webp 768w, https:\/\/www.autoescolaolivella.com\/assets\/2025\/09\/motoA-e1758026422274-570x363.webp 570w\" sizes=\"(max-width: 1280px) 100vw, 1280px\" \/>\t\t\t\t\t\t\t\t\t\t\t\t\t\t\t<\/div>\n\t\t\t\t<div class=\"elementor-element elementor-element-1af457a9 elementor-widget elementor-widget-text-editor\" data-id=\"1af457a9\" data-element_type=\"widget\" data-e-type=\"widget\" data-widget_type=\"text-editor.default\">\n\t\t\t\t\t\t\t\t\t<p>Amb el perm\u00eds A podr\u00e0s conduir <strong data-start=\"186\" data-end=\"237\">motocicletes de qualsevol cilindrada i pot\u00e8ncia<\/strong>, sense l\u00edmits de CV ni relaci\u00f3 pes\/pot\u00e8ncia.<br data-start=\"282\" data-end=\"285\" \/>\u00c9s la llic\u00e8ncia definitiva per gaudir de la moto amb total llibertat i seguretat.<\/p>\t\t\t\t\t\t\t\t<\/div>\n\t\t\t\t<div class=\"elementor-element elementor-element-6c6b3bb0 elementor-widget elementor-widget-heading\" data-id=\"6c6b3bb0\" data-element_type=\"widget\" data-e-type=\"widget\" data-widget_type=\"heading.default\">\n\t\t\t\t\t<h3 class=\"elementor-heading-title elementor-size-default\">Qu\u00e8 necessito per obtenir el perm\u00eds A?<\/h3>\t\t\t\t<\/div>\n\t\t\t\t<div class=\"elementor-element elementor-element-50a05347 elementor-widget elementor-widget-text-editor\" data-id=\"50a05347\" data-element_type=\"widget\" data-e-type=\"widget\" data-widget_type=\"text-editor.default\">\n\t\t\t\t\t\t\t\t\t<p data-start=\"361\" data-end=\"393\">Tenir <strong data-start=\"367\" data-end=\"378\">20 anys<\/strong> com a m\u00ednim.<\/p><p data-start=\"396\" data-end=\"449\">Disposar del <strong data-start=\"409\" data-end=\"446\">perm\u00eds A2 amb 2 anys d\u2019antiguitat<\/strong>.<\/p><p data-start=\"452\" data-end=\"505\">Fer un <strong data-start=\"459\" data-end=\"478\">curs obligatori<\/strong> en un centre autoritzat:<\/p><ul><li style=\"list-style-type: none;\"><ul><li data-start=\"511\" data-end=\"567\">3 hores de teoria (seguretat i conducci\u00f3 responsable).<\/li><li data-start=\"571\" data-end=\"619\"><p data-start=\"573\" data-end=\"619\">6 hores de pr\u00e0ctiques (circuit 2h i carretera 4h)<\/p><\/li><\/ul><\/li><\/ul>\t\t\t\t\t\t\t\t<\/div>\n\t\t\t\t<div class=\"elementor-element elementor-element-7e2442e2 elementor-widget elementor-widget-drivschol-icon-box\" data-id=\"7e2442e2\" data-element_type=\"widget\" data-e-type=\"widget\" data-widget_type=\"drivschol-icon-box.default\">\n\t\t\t\t<div class=\"elementor-widget-container\">\n\t\t\t\t\t    <div class=\"service-details__single\">\r\n        <h3 class=\"service-details__title wow fadeInUp\" data-wow-delay='300ms'>\r\n            Per qu\u00e8 triar-nos?        <\/h3><!-- \/.service-details__title -->\r\n        <div class=\"service-details__single-inner\">\r\n                            <div class=\"service-details__inner-item wow fadeInUp\" data-wow-delay='300ms'>\r\n                    <div class=\"item-icon\">\r\n                        <div class=\"icon\">\r\n                            <i aria-hidden=\"true\" class=\"  fas fa-check\"><\/i>                        <\/div>\r\n                    <\/div>\r\n                    <div class=\"item-content\">\r\n                        <h4 class=\"item__title\">\r\n                            99% d\u2019\u00e8xit en els tr\u00e0mits                        <\/h4>\r\n                        <p class=\"item__dec\"> Ens encarreguem de tota la gesti\u00f3 administrativa amb la DGT.<\/p>\r\n                    <\/div>\r\n                <\/div>\r\n                            <div class=\"service-details__inner-item wow fadeInUp\" data-wow-delay='300ms'>\r\n                    <div class=\"item-icon\">\r\n                        <div class=\"icon\">\r\n                            <i aria-hidden=\"true\" class=\"  fas fa-check\"><\/i>                        <\/div>\r\n                    <\/div>\r\n                    <div class=\"item-content\">\r\n                        <h4 class=\"item__title\">\r\n                            Assessorament proper i clar                        <\/h4>\r\n                        <p class=\"item__dec\"> T\u2019expliquem pas a pas qu\u00e8 necessites per obtenir el perm\u00eds sense complicacions.<\/p>\r\n                    <\/div>\r\n                <\/div>\r\n                    <\/div>\r\n    <\/div>\r\n\t\t\t\t<\/div>\n\t\t\t\t<\/div>\n\t\t\t\t<div class=\"elementor-element elementor-element-29497a62 elementor-widget elementor-widget-drivschol-service-details\" data-id=\"29497a62\" data-element_type=\"widget\" data-e-type=\"widget\" data-widget_type=\"drivschol-service-details.default\">\n\t\t\t\t<div class=\"elementor-widget-container\">\n\t\t\t\t\t\r\n\t<div class=\"service-details__single wow fadeInUp\" data-wow-delay='300ms'>\r\n\t\t<div class=\"service-details__single-inner service-details__single-inner--base\">\r\n\t\t\t<img decoding=\"async\" src=\"https:\/\/www.autoescolaolivella.com\/assets\/2025\/09\/MotoA2.webp\" alt=\"MotoA(2)\" title=\"MotoA(2)\" class=\"benefit__img\" >\t\t\t<div class=\"service-details__benefit\">\r\n\t\t\t\t<h3 class=\"service-details__title\">Beneficis del perm\u00eds A<\/h3>\t\t\t\t<ul class=\"list-unstyled service-details__list\">\r\n\t\t\t\t\t\t\t\t\t\t\t<li>\r\n\t\t\t\t\t\t\tAcc\u00e9s a totes les motos, sense cap l\u00edmit de cilindrada ni pot\u00e8ncia.\t\t\t\t\t\t<\/li>\r\n\t\t\t\t\t\t\t\t\t\t\t<li>\r\n\t\t\t\t\t\t\tImprescindible per a qui vol evolucionar m\u00e9s enll\u00e0 del perm\u00eds A2.\t\t\t\t\t\t<\/li>\r\n\t\t\t\t\t\t\t\t\t\t\t<li>\r\n\t\t\t\t\t\t\tT\u2019ajudem amb tota la documentaci\u00f3 i tr\u00e0mits necessaris.\t\t\t\t\t\t<\/li>\r\n\t\t\t\t\t\t\t\t\t\t\t<li>\r\n\t\t\t\t\t\t\tTranquil\u00b7litat amb el suport d\u2019una gestoria de confian\u00e7a.\t\t\t\t\t\t<\/li>\r\n\t\t\t\t\t\t\t\t\t<\/ul><!-- \/.list-unstyled team-details__list -->\r\n\t\t\t<\/div>\r\n\t\t<\/div>\r\n\t<\/div><!-- \/.service-details__single-->\r\n\t\t\t\t<\/div>\n\t\t\t\t<\/div>\n\t\t\t\t<div class=\"elementor-element elementor-element-909227c elementor-widget elementor-widget-drivschol-faq\" data-id=\"909227c\" data-element_type=\"widget\" data-e-type=\"widget\" data-widget_type=\"drivschol-faq.default\">\n\t\t\t\t<div class=\"elementor-widget-container\">\n\t\t\t\t\t\r\n    <div class=\"service-details__single wow fadeInUp\" data-wow-delay='300ms'>\r\n        <div class=\"faq-page__accordion drivschol-accrodion\" data-grp-name=\"drivschol-accrodion\">\r\n                            <div class=\"accrodion \">\r\n                    <div class=\"accrodion-title\">\r\n                        <h4 class=\"accrodion-title__text\">\r\n                            \ud83d\udc49 A quina edat puc treure\u2019m el perm\u00eds A?<span class=\"accrodion-title__icon\"><\/span>\r\n                        <\/h4>\r\n                    <\/div><!-- \/.accordian-title -->\r\n                    <div class=\"accrodion-content\">\r\n                        <div class=\"inner\">\r\n                            <p class=\"accrodion-content__text\">A partir dels 20 anys, per\u00f2 nom\u00e9s si fa m\u00ednim 2 anys que tens el perm\u00eds A2.<\/p>\r\n                        <\/div><!-- \/.accordian-content -->\r\n                    <\/div>\r\n                <\/div><!-- \/.accordian-item -->\r\n                            <div class=\"accrodion active\">\r\n                    <div class=\"accrodion-title\">\r\n                        <h4 class=\"accrodion-title__text\">\r\n                            \ud83d\udc49 Cal fer examen te\u00f2ric?<span class=\"accrodion-title__icon\"><\/span>\r\n                        <\/h4>\r\n                    <\/div><!-- \/.accordian-title -->\r\n                    <div class=\"accrodion-content\">\r\n                        <div class=\"inner\">\r\n                            <p class=\"accrodion-content__text\">No, nom\u00e9s un curs espec\u00edfic en un centre autoritzat (part te\u00f2rica + pr\u00e0ctica).<\/p>\r\n                        <\/div><!-- \/.accordian-content -->\r\n                    <\/div>\r\n                <\/div><!-- \/.accordian-item -->\r\n                            <div class=\"accrodion \">\r\n                    <div class=\"accrodion-title\">\r\n                        <h4 class=\"accrodion-title__text\">\r\n                            \ud83d\udc49 Qu\u00e8 inclou el curs obligatori?<span class=\"accrodion-title__icon\"><\/span>\r\n                        <\/h4>\r\n                    <\/div><!-- \/.accordian-title -->\r\n                    <div class=\"accrodion-content\">\r\n                        <div class=\"inner\">\r\n                            <p class=\"accrodion-content__text\">3 hores de teoria (seguretat vial i conscienciaci\u00f3) i 6 hores de pr\u00e0ctiques en circuit i carretera.<\/p>\r\n                        <\/div><!-- \/.accordian-content -->\r\n                    <\/div>\r\n                <\/div><!-- \/.accordian-item -->\r\n                            <div class=\"accrodion \">\r\n                    <div class=\"accrodion-title\">\r\n                        <h4 class=\"accrodion-title__text\">\r\n                            \ud83d\udc49 Quant de temps triga el tr\u00e0mit?<span class=\"accrodion-title__icon\"><\/span>\r\n                        <\/h4>\r\n                    <\/div><!-- \/.accordian-title -->\r\n                    <div class=\"accrodion-content\">\r\n                        <div class=\"inner\">\r\n                            <p class=\"accrodion-content__text\">En poques setmanes un cop completat el curs i presentada la documentaci\u00f3.<\/p>\r\n                        <\/div><!-- \/.accordian-content -->\r\n                    <\/div>\r\n                <\/div><!-- \/.accordian-item -->\r\n                    <\/div>\r\n    <\/div><!-- \/.service-details__single-->\r\n\t\t\t\t<\/div>\n\t\t\t\t<\/div>\n\t\t\t\t<\/div>\n\t\t\t\t\t<\/div>\n\t\t\t\t<\/div>\n\t\t\t\t<\/div>\n\t\t","protected":false},"excerpt":{"rendered":"<p>ELS NOSTRES CARNETS Autoritzaci\u00f3 B96 Perm\u00eds A Perm\u00eds A1 Perm\u00eds A2 Perm\u00eds AM Perm\u00eds B Perm\u00eds B+E Perm\u00eds C Perm\u00eds C+E Perm\u00eds D Llic\u00e8ncia LVA Vols treure\u2019t el perm\u00eds A? Contacta Perm\u00eds A Amb el perm\u00eds A podr\u00e0s conduir motocicletes de qualsevol cilindrada i pot\u00e8ncia, sense l\u00edmits de CV ni relaci\u00f3 pes\/pot\u00e8ncia.\u00c9s la llic\u00e8ncia definitiva [&hellip;]<\/p>\n","protected":false},"author":7,"featured_media":0,"parent":4583,"menu_order":0,"comment_status":"closed","ping_status":"closed","template":"elementor_header_footer","meta":{"footnotes":""},"class_list":["post-4591","page","type-page","status-publish","hentry"],"_links":{"self":[{"href":"https:\/\/www.autoescolaolivella.com\/index.php\/wp-json\/wp\/v2\/pages\/4591","targetHints":{"allow":["GET"]}}],"collection":[{"href":"https:\/\/www.autoescolaolivella.com\/index.php\/wp-json\/wp\/v2\/pages"}],"about":[{"href":"https:\/\/www.autoescolaolivella.com\/index.php\/wp-json\/wp\/v2\/types\/page"}],"author":[{"embeddable":true,"href":"https:\/\/www.autoescolaolivella.com\/index.php\/wp-json\/wp\/v2\/users\/7"}],"replies":[{"embeddable":true,"href":"https:\/\/www.autoescolaolivella.com\/index.php\/wp-json\/wp\/v2\/comments?post=4591"}],"version-history":[{"count":22,"href":"https:\/\/www.autoescolaolivella.com\/index.php\/wp-json\/wp\/v2\/pages\/4591\/revisions"}],"predecessor-version":[{"id":5398,"href":"https:\/\/www.autoescolaolivella.com\/index.php\/wp-json\/wp\/v2\/pages\/4591\/revisions\/5398"}],"up":[{"embeddable":true,"href":"https:\/\/www.autoescolaolivella.com\/index.php\/wp-json\/wp\/v2\/pages\/4583"}],"wp:attachment":[{"href":"https:\/\/www.autoescolaolivella.com\/index.php\/wp-json\/wp\/v2\/media?parent=4591"}],"curies":[{"name":"wp","href":"https:\/\/api.w.org\/{rel}","templated":true}]}}