{"id":4612,"date":"2025-08-16T19:41:39","date_gmt":"2025-08-16T17:41:39","guid":{"rendered":"https:\/\/www.autoescolaolivella.com\/000000\/?page_id=4612"},"modified":"2025-09-17T17:21:08","modified_gmt":"2025-09-17T15:21:08","slug":"gestions","status":"publish","type":"page","link":"https:\/\/www.autoescolaolivella.com\/index.php\/gestions\/","title":{"rendered":"Gestions"},"content":{"rendered":"\t\t<div data-elementor-type=\"wp-page\" data-elementor-id=\"4612\" class=\"elementor elementor-4612\">\n\t\t\t\t<div class=\"elementor-element elementor-element-5887a85a e-con-full e-flex e-con e-parent\" data-id=\"5887a85a\" data-element_type=\"container\" data-e-type=\"container\">\n\t\t\t\t<div class=\"elementor-element elementor-element-108f2b35 elementor-widget elementor-widget-drivschol-service\" data-id=\"108f2b35\" data-element_type=\"widget\" data-e-type=\"widget\" data-widget_type=\"drivschol-service.default\">\n\t\t\t\t<div class=\"elementor-widget-container\">\n\t\t\t\t\t\t<!-- Service Four Start -->\r\n\t<section class=\"service-page\">\r\n\t\t<div class=\"container\">\r\n\t\t\t<div class=\"row gutter-y-30\">\r\n\t\t\t\t\t\t\t\t\t<div class=\"col-md-6 col-lg-4\">\r\n\t\t\t\t\t\t<div class=\"service-card service-card-one  wow fadeInUp animated\" data-wow-duration='1500ms' data-wow-delay='000ms'>\r\n\r\n\t\t\t\t\t\t\t<div class=\"service-card__image\">\r\n\t\t\t\t\t\t\t\t<img decoding=\"async\" src=\"https:\/\/www.autoescolaolivella.com\/assets\/2023\/12\/service-1-1.jpg\" alt=\"service-1-1\" title=\"service-1-1\" >\t\t\t\t\t\t\t<\/div><!-- \/.blog-card__image -->\r\n\r\n\t\t\t\t\t\t\t<div class=\"service-card__content\">\r\n\t\t\t\t\t\t\t\t<h3 class=\"service-card__title\">\r\n\t\t\t\t\t\t\t\t\t<a href=\"https:\/\/www.autoescolaolivella.com\/index.php\/gestions\/transports\/\">Transports<\/a>\r\n\t\t\t\t\t\t\t\t<\/h3>\r\n\t\t\t\t\t\t\t\t<p class=\"service-card__text\">Gesti\u00f3 de targetes, multes i flotes per mantenir el teu transport professional al dia i sense preocupacions.<\/p><!-- \/.blog-card-two__text -->\r\n\t\t\t\t\t\t\t<\/div><!-- \/.blog-card__content -->\r\n\t\t\t\t\t\t\t\t\t\t\t\t\t\t\t<div class=\"service-card__bth\">\r\n\t\t\t\t\t\t\t\t\t<a href=\"https:\/\/www.autoescolaolivella.com\/index.php\/gestions\/transports\/\" class=\"drivschol-btn drivschol-btn--base2\">M\u00e9s informaci\u00f3 <i aria-hidden=\"true\" class=\"  fas fa-plus\"><\/i><\/a>\r\n\t\t\t\t\t\t\t\t<\/div>\r\n\t\t\t\t\t\t\t\t\t\t\t\t\t<\/div><!-- \/.blog-card -->\r\n\t\t\t\t\t<\/div><!-- \/.col-md-6 col-lg-4 -->\r\n\t\t\t\t\t\t\t\t\t<div class=\"col-md-6 col-lg-4\">\r\n\t\t\t\t\t\t<div class=\"service-card service-card-one  wow fadeInUp animated\" data-wow-duration='1500ms' data-wow-delay='000ms'>\r\n\r\n\t\t\t\t\t\t\t<div class=\"service-card__image\">\r\n\t\t\t\t\t\t\t\t<img decoding=\"async\" src=\"https:\/\/www.autoescolaolivella.com\/assets\/2023\/12\/service-1-2.jpg\" alt=\"service-1-2\" title=\"service-1-2\" >\t\t\t\t\t\t\t<\/div><!-- \/.blog-card__image -->\r\n\r\n\t\t\t\t\t\t\t<div class=\"service-card__content\">\r\n\t\t\t\t\t\t\t\t<h3 class=\"service-card__title\">\r\n\t\t\t\t\t\t\t\t\t<a href=\"https:\/\/www.autoescolaolivella.com\/index.php\/gestions\/assegurances\/\">Asseguran\u00e7es<\/a>\r\n\t\t\t\t\t\t\t\t<\/h3>\r\n\t\t\t\t\t\t\t\t<p class=\"service-card__text\">Protegeix el que m\u00e9s valores amb assegurances adaptades a tu, la teva fam\u00edlia i el teu negoci.<\/p><!-- \/.blog-card-two__text -->\r\n\t\t\t\t\t\t\t<\/div><!-- \/.blog-card__content -->\r\n\t\t\t\t\t\t\t\t\t\t\t\t\t\t\t<div class=\"service-card__bth\">\r\n\t\t\t\t\t\t\t\t\t<a href=\"https:\/\/www.autoescolaolivella.com\/index.php\/gestions\/assegurances\/\" class=\"drivschol-btn drivschol-btn--base2\">M\u00e9s informaci\u00f3 <i aria-hidden=\"true\" class=\"  fas fa-plus\"><\/i><\/a>\r\n\t\t\t\t\t\t\t\t<\/div>\r\n\t\t\t\t\t\t\t\t\t\t\t\t\t<\/div><!-- \/.blog-card -->\r\n\t\t\t\t\t<\/div><!-- \/.col-md-6 col-lg-4 -->\r\n\t\t\t\t\t\t\t\t\t<div class=\"col-md-6 col-lg-4\">\r\n\t\t\t\t\t\t<div class=\"service-card service-card-one  wow fadeInUp animated\" data-wow-duration='1500ms' data-wow-delay='000ms'>\r\n\r\n\t\t\t\t\t\t\t<div class=\"service-card__image\">\r\n\t\t\t\t\t\t\t\t<img decoding=\"async\" src=\"https:\/\/www.autoescolaolivella.com\/assets\/2023\/12\/service-1-3.jpg\" alt=\"service-1-3\" title=\"service-1-3\" >\t\t\t\t\t\t\t<\/div><!-- \/.blog-card__image -->\r\n\r\n\t\t\t\t\t\t\t<div class=\"service-card__content\">\r\n\t\t\t\t\t\t\t\t<h3 class=\"service-card__title\">\r\n\t\t\t\t\t\t\t\t\t<a href=\"https:\/\/www.autoescolaolivella.com\/index.php\/gestions\/gestions-vehicles\/\">Gestions Vehicles<\/a>\r\n\t\t\t\t\t\t\t\t<\/h3>\r\n\t\t\t\t\t\t\t\t<p class=\"service-card__text\">Tr\u00e0mits r\u00e0pids i segurs per canvis de nom, matriculacions, importacions i permisos de conduir.<\/p><!-- \/.blog-card-two__text -->\r\n\t\t\t\t\t\t\t<\/div><!-- \/.blog-card__content -->\r\n\t\t\t\t\t\t\t\t\t\t\t\t\t\t\t<div class=\"service-card__bth\">\r\n\t\t\t\t\t\t\t\t\t<a href=\"https:\/\/www.autoescolaolivella.com\/index.php\/gestions\/gestions-vehicles\/\" class=\"drivschol-btn drivschol-btn--base2\">M\u00e9s informaci\u00f3 <i aria-hidden=\"true\" class=\"  fas fa-plus\"><\/i><\/a>\r\n\t\t\t\t\t\t\t\t<\/div>\r\n\t\t\t\t\t\t\t\t\t\t\t\t\t<\/div><!-- \/.blog-card -->\r\n\t\t\t\t\t<\/div><!-- \/.col-md-6 col-lg-4 -->\r\n\t\t\t\t\t\t\t<\/div><!-- \/.row -->\r\n\t\t<\/div><!-- \/.container -->\r\n\t<\/section><!-- \/.service-page -->\r\n\t<!-- Service Four End -->\r\n\t\t\t\t<\/div>\n\t\t\t\t<\/div>\n\t\t\t\t<\/div>\n\t\t<div class=\"elementor-element elementor-element-1896b313 e-con-full e-flex e-con e-parent\" data-id=\"1896b313\" data-element_type=\"container\" data-e-type=\"container\">\n\t\t\t\t<div class=\"elementor-element elementor-element-f95a66f elementor-widget elementor-widget-drivschol-about\" data-id=\"f95a66f\" data-element_type=\"widget\" data-e-type=\"widget\" data-widget_type=\"drivschol-about.default\">\n\t\t\t\t<div class=\"elementor-widget-container\">\n\t\t\t\t\t\t<!-- About Start -->\r\n\t<section class=\"about-one\">\r\n\t\t<div class=\"container\">\r\n\t\t\t<div class=\"row\">\r\n\t\t\t\t<div class=\"col-lg-5\">\r\n\t\t\t\t\t<div class=\"about-one__item\">\r\n\t\t\t\t\t\t<div class=\"about-one__item__left\">\r\n\t\t\t\t\t\t\t<div class=\"about-one__item__left__img  wow fadeInUp\" data-wow-delay=\"500ms\">\r\n\t\t\t\t\t\t\t\t<img decoding=\"async\" src=\"https:\/\/www.autoescolaolivella.com\/assets\/2023\/12\/about-l-1-1.png\" alt=\"about-l-1-1\" title=\"about-l-1-1\" >\t\t\t\t\t\t\t\t<div class=\"about-one__item__left__img__shape wow fadeInDown\" data-wow-delay=\"1000ms\">\r\n\t\t\t\t\t\t\t\t\t<img decoding=\"async\" src=\"https:\/\/www.autoescolaolivella.com\/assets\/2025\/09\/Diseno_sin_titulo__2_-removebg-preview.png\" alt=\"Dise\u00f1o_sin_t\u00edtulo__2_-removebg-preview\" title=\"Dise\u00f1o_sin_t\u00edtulo__2_-removebg-preview\" >\t\t\t\t\t\t\t\t<\/div>\r\n\t\t\t\t\t\t\t\t<div class=\"about-one__item__left__img__sub_img\">\r\n\t\t\t\t\t\t\t\t\t\t\t\t\t\t\t\t\t\t<svg viewBox=\"0 0 208 169\" fill=\"none\" xmlns=\"http:\/\/www.w3.org\/2000\/svg\">\r\n\t\t\t\t\t\t\t\t\t\t<path d=\"M1 169V1H208\" stroke=\"#EC2526\" stroke-width=\"2\" \/>\r\n\t\t\t\t\t\t\t\t\t\t<path d=\"M17 169V17H208\" stroke=\"#EC2526\" stroke-width=\"2\" \/>\r\n\t\t\t\t\t\t\t\t\t<\/svg>\r\n\t\t\t\t\t\t\t\t<\/div>\r\n\t\t\t\t\t\t\t<\/div>\r\n\r\n\t\t\t\t\t\t\t<div class=\"about-one__item__left__contact wow fadeInLeft\" data-wow-delay=\"500ms\">\r\n\t\t\t\t\t\t\t\t<a class=\"about-one__item__left__contact__link\"\r\n\t\t\t\t\t\t\t\t\thref=\"tel:93-892-24-08\">\r\n\t\t\t\t\t\t\t\t\t<div class=\"about-one__item__left__contact__link__icon\">\r\n\t\t\t\t\t\t\t\t\t\t<i aria-hidden=\"true\" class=\"fas fa-phone\"><\/i>\t\t\t\t\t\t\t\t\t<\/div>\r\n\t\t\t\t\t\t\t\t\t<div class=\"about-one__item__left__contact__link__call\">\r\n\t\t\t\t\t\t\t\t\t\t<span\r\n\t\t\t\t\t\t\t\t\t\t\tclass=\"about-one__item__left__contact__link__subtext\">Truca&#039;ns per preguntes<\/span>\r\n\t\t\t\t\t\t\t\t\t\t<h6 class=\"about-one__item__left__contact__link__text\">\r\n\t\t\t\t\t\t\t\t\t\t\t93 892 24 08\t\t\t\t\t\t\t\t\t\t<\/h6>\r\n\t\t\t\t\t\t\t\t\t<\/div>\r\n\t\t\t\t\t\t\t\t<\/a>\r\n\t\t\t\t\t\t\t<\/div>\r\n\t\t\t\t\t\t<\/div>\r\n\t\t\t\t\t<\/div>\r\n\t\t\t\t<\/div><!-- \/.col-lg-6 -->\r\n\t\t\t\t<div class=\"col-lg-7 wow fadeInRight\" data-wow-delay=\"300ms\">\r\n\t\t\t\t\t<div class=\"about-one__item about-one__item__one\">\r\n\r\n\t\t\t\t\t\t<div class=\"about-one__item__head\">\r\n\t\t\t\t\t\t\t<div class=\"sec-title  text-start wow fadeInUp\" data-wow-duration='300ms'>\r\n\r\n\t\t\t\t\t\t\t\t<h6 class=\"sec-title__tagline\">\r\n\t\t\t\t\t\t\t\t\t<span aria-hidden=\"true\" class=\"sec-title__img fas fa-exclamation\"><\/span>\t\t\t\t\t\t\t\t\tSolucions integrals per a la teva empresa i el teu dia a dia\t\t\t\t\t\t\t\t\t<span aria-hidden=\"true\" class=\"sec-title__img fas fa-exclamation\"><\/span>\t\t\t\t\t\t\t\t<\/h6><!-- \/.sec-title__tagline -->\r\n\t\t\t\t\t\t\t\t<h3 class=\"sec-title__title\">Gestoria Olivella<\/h3>\t\t\t\t\t\t\t<\/div><!-- \/.sec-title -->\r\n\t\t\t\t\t\t\t<p class=\"about-one__item__text  wow fadeInUp\" data-wow-delay='500ms'>\r\n\t\t\t\t\t\t\t\tM\u00e9s de 70 anys d\u2019experi\u00e8ncia oferint assessorament complet i personalitzat.\t\t\t\t\t\t\t<\/p>\r\n\t\t\t\t\t\t\t<!-- \/.about-one__item__text -->\r\n\t\t\t\t\t\t<\/div><!-- \/.about-one__item__head -->\r\n\r\n\t\t\t\t\t\t<div class=\"about-one__item__block-contents wow fadeInUp\" data-wow-delay=\"500ms\">\r\n\t\t\t\t\t\t\t<h3 class=\"about-one__item__block-contents__text\">Et donem suport en totes les \u00e0rees clau: comptable, fiscal, laboral, jur\u00eddic, enginyeria, prevenci\u00f3 de riscos i protecci\u00f3 de dades.<\/h3>\t\t\t\t\t\t<\/div>\r\n\r\n\t\t\t\t\t\t<div class=\"about-one__item__elememt\">\r\n\t\t\t\t\t\t\t<div class=\"row\">\r\n\t\t\t\t\t\t\t\t\t\t\t\t\t\t\t\t\t<div class=\"col-md-6\">\r\n\t\t\t\t\t\t\t\t\t\t<div class=\"about-one__item__elememt__single wow fadeInUp\" data-wow-delay=\"500ms\">\r\n\t\t\t\t\t\t\t\t\t\t\t<div class=\"about-one__item__elememt__single__icon\">\r\n\t\t\t\t\t\t\t\t\t\t\t\t<div class=\"icon\">\r\n\t\t\t\t\t\t\t\t\t\t\t\t\t<i aria-hidden=\"true\" class=\"  fas fa-euro-sign\"><\/i>\t\t\t\t\t\t\t\t\t\t\t\t<\/div>\r\n\t\t\t\t\t\t\t\t\t\t\t<\/div>\r\n\t\t\t\t\t\t\t\t\t\t\t<h3 class=\"about-one__item__elememt__single__text\">\r\n\t\t\t\t\t\t\t\t\t\t\t\tAssesorament Fiscal i Contable\t\t\t\t\t\t\t\t\t\t\t<\/h3>\r\n\t\t\t\t\t\t\t\t\t\t<\/div>\r\n\t\t\t\t\t\t\t\t\t<\/div>\r\n\t\t\t\t\t\t\t\t\t\t\t\t\t\t\t\t\t\t<div class=\"col-md-6\">\r\n\t\t\t\t\t\t\t\t\t\t<div class=\"about-one__item__elememt__single wow fadeInUp\" data-wow-delay=\"500ms\">\r\n\t\t\t\t\t\t\t\t\t\t\t<div class=\"about-one__item__elememt__single__icon\">\r\n\t\t\t\t\t\t\t\t\t\t\t\t<div class=\"icon\">\r\n\t\t\t\t\t\t\t\t\t\t\t\t\t<i aria-hidden=\"true\" class=\"  fas fa-person-booth\"><\/i>\t\t\t\t\t\t\t\t\t\t\t\t<\/div>\r\n\t\t\t\t\t\t\t\t\t\t\t<\/div>\r\n\t\t\t\t\t\t\t\t\t\t\t<h3 class=\"about-one__item__elememt__single__text\">\r\n\t\t\t\t\t\t\t\t\t\t\t\tGesti\u00f3 Laboral i Jur\u00eddica\t\t\t\t\t\t\t\t\t\t\t<\/h3>\r\n\t\t\t\t\t\t\t\t\t\t<\/div>\r\n\t\t\t\t\t\t\t\t\t<\/div>\r\n\t\t\t\t\t\t\t\t\t\t\t\t\t\t\t\t\t\t<div class=\"col-md-6\">\r\n\t\t\t\t\t\t\t\t\t\t<div class=\"about-one__item__elememt__single wow fadeInUp\" data-wow-delay=\"500ms\">\r\n\t\t\t\t\t\t\t\t\t\t\t<div class=\"about-one__item__elememt__single__icon\">\r\n\t\t\t\t\t\t\t\t\t\t\t\t<div class=\"icon\">\r\n\t\t\t\t\t\t\t\t\t\t\t\t\t<i aria-hidden=\"true\" class=\"  fas fa-balance-scale\"><\/i>\t\t\t\t\t\t\t\t\t\t\t\t<\/div>\r\n\t\t\t\t\t\t\t\t\t\t\t<\/div>\r\n\t\t\t\t\t\t\t\t\t\t\t<h3 class=\"about-one__item__elememt__single__text\">\r\n\t\t\t\t\t\t\t\t\t\t\t\tEnginyeria i Prevenci\u00f3\t\t\t\t\t\t\t\t\t\t\t<\/h3>\r\n\t\t\t\t\t\t\t\t\t\t<\/div>\r\n\t\t\t\t\t\t\t\t\t<\/div>\r\n\t\t\t\t\t\t\t\t\t\t\t\t\t\t\t\t<\/div>\r\n\t\t\t\t\t\t<\/div>\r\n\t\t\t\t\t\t\t\t\t\t\t\t\t<!-- \/.why-choose-two__text -->\r\n\t\t\t\t\t\t\t<div class=\"about-one__progress  wow fadeInUp\" data-wow-delay='500ms'>\r\n\t\t\t\t\t\t\t\t<h4 class=\"about-one__progress__title\">\r\n\t\t\t\t\t\t\t\t\tExperi\u00e8ncia\t\t\t\t\t\t\t\t<\/h4>\r\n\t\t\t\t\t\t\t\t<div class=\"about-one__progress__bar\">\r\n\t\t\t\t\t\t\t\t\t<div class=\"about-one__progress__inner count-bar\"\r\n\t\t\t\t\t\t\t\t\t\tdata-percent=\"100%\">\r\n\t\t\t\t\t\t\t\t\t\t<div class=\"about-one__progress__number count-text\">\r\n\t\t\t\t\t\t\t\t\t\t\t100%\r\n\t\t\t\t\t\t\t\t\t\t<\/div>\r\n\t\t\t\t\t\t\t\t\t<\/div>\r\n\t\t\t\t\t\t\t\t<\/div>\r\n\t\t\t\t\t\t\t<\/div><!-- \/.skills-item -->\r\n\t\t\t\t\t\t\r\n\t\t\t\t\t\t\t\t\t\t\t\t\t<a href=\"https:\/\/gestoriaolivella.com\/serveis\/assesoria-legal\/\" class=\"drivschol-btn drivschol-btn--black  wow fadeInUp\" data-wow-delay=\"500ms\" target=\"_blank\" rel=\"noopener\">\r\n\t\t\t\t\t\t\t\t<span>M\u00e9s Informaci\u00f3<\/span>\r\n\t\t\t\t\t\t\t<\/a>\r\n\t\t\t\t\t\t\t\t\t\t\t<\/div>\r\n\t\t\t\t<\/div><!-- \/.col-lg-6 -->\r\n\t\t\t<\/div><!-- \/.row -->\r\n\t\t<\/div><!-- \/.container -->\r\n\t\t<div class=\"about-one__element\">\r\n\t\t\t\t\t<\/div>\r\n\t<\/section><!-- \/.about-one -->\r\n\t<!-- About End -->\r\n\r\n\t\t\t\t<\/div>\n\t\t\t\t<\/div>\n\t\t\t\t<\/div>\n\t\t\t\t<\/div>\n\t\t","protected":false},"excerpt":{"rendered":"<p>Transports Gesti\u00f3 de targetes, multes i flotes per mantenir el teu transport professional al dia i sense preocupacions. M\u00e9s informaci\u00f3 Asseguran\u00e7es Protegeix el que m\u00e9s valores amb assegurances adaptades a tu, la teva fam\u00edlia i el teu negoci. M\u00e9s informaci\u00f3 Gestions Vehicles Tr\u00e0mits r\u00e0pids i segurs per canvis de nom, matriculacions, importacions i permisos de [&hellip;]<\/p>\n","protected":false},"author":7,"featured_media":0,"parent":0,"menu_order":0,"comment_status":"closed","ping_status":"closed","template":"elementor_header_footer","meta":{"footnotes":""},"class_list":["post-4612","page","type-page","status-publish","hentry"],"_links":{"self":[{"href":"https:\/\/www.autoescolaolivella.com\/index.php\/wp-json\/wp\/v2\/pages\/4612","targetHints":{"allow":["GET"]}}],"collection":[{"href":"https:\/\/www.autoescolaolivella.com\/index.php\/wp-json\/wp\/v2\/pages"}],"about":[{"href":"https:\/\/www.autoescolaolivella.com\/index.php\/wp-json\/wp\/v2\/types\/page"}],"author":[{"embeddable":true,"href":"https:\/\/www.autoescolaolivella.com\/index.php\/wp-json\/wp\/v2\/users\/7"}],"replies":[{"embeddable":true,"href":"https:\/\/www.autoescolaolivella.com\/index.php\/wp-json\/wp\/v2\/comments?post=4612"}],"version-history":[{"count":14,"href":"https:\/\/www.autoescolaolivella.com\/index.php\/wp-json\/wp\/v2\/pages\/4612\/revisions"}],"predecessor-version":[{"id":5621,"href":"https:\/\/www.autoescolaolivella.com\/index.php\/wp-json\/wp\/v2\/pages\/4612\/revisions\/5621"}],"wp:attachment":[{"href":"https:\/\/www.autoescolaolivella.com\/index.php\/wp-json\/wp\/v2\/media?parent=4612"}],"curies":[{"name":"wp","href":"https:\/\/api.w.org\/{rel}","templated":true}]}}