{"id":4616,"date":"2025-08-16T19:42:26","date_gmt":"2025-08-16T17:42:26","guid":{"rendered":"https:\/\/www.autoescolaolivella.com\/000000\/?page_id=4616"},"modified":"2025-09-16T23:11:04","modified_gmt":"2025-09-16T21:11:04","slug":"gestions-vehicles","status":"publish","type":"page","link":"https:\/\/www.autoescolaolivella.com\/index.php\/gestions\/gestions-vehicles\/","title":{"rendered":"Gestions vehicles"},"content":{"rendered":"\t\t<div data-elementor-type=\"wp-page\" data-elementor-id=\"4616\" class=\"elementor elementor-4616\">\n\t\t\t\t<div class=\"elementor-element elementor-element-2ac86ade service-details e-flex e-con-boxed e-con e-parent\" data-id=\"2ac86ade\" data-element_type=\"container\" data-e-type=\"container\" data-settings=\"{&quot;background_background&quot;:&quot;slideshow&quot;,&quot;background_slideshow_gallery&quot;:[{&quot;id&quot;:5214,&quot;url&quot;:&quot;https:\\\/\\\/www.autoescolaolivella.com\\\/assets\\\/2025\\\/09\\\/abstract-white-background-with-wavy-shapes-flowing-and-curvy-shapes-this-asset-is-suitable-for-website-backgrounds-flyers-posters-and-digital-art-projects-free-vector.webp&quot;}],&quot;background_slideshow_loop&quot;:&quot;yes&quot;,&quot;background_slideshow_slide_duration&quot;:5000,&quot;background_slideshow_slide_transition&quot;:&quot;fade&quot;,&quot;background_slideshow_transition_duration&quot;:500}\">\n\t\t\t\t\t<div class=\"e-con-inner\">\n\t\t<div class=\"elementor-element elementor-element-24ff3a39 e-con-full service-details__content e-flex e-con e-child\" data-id=\"24ff3a39\" data-element_type=\"container\" data-e-type=\"container\">\n\t\t\t\t<div class=\"elementor-element elementor-element-4eeddf3d elementor-widget elementor-widget-heading\" data-id=\"4eeddf3d\" data-element_type=\"widget\" data-e-type=\"widget\" data-widget_type=\"heading.default\">\n\t\t\t\t\t<h3 class=\"elementor-heading-title elementor-size-default\">Totes les gestions de vehicles en un sol lloc<\/h3>\t\t\t\t<\/div>\n\t\t\t\t<div class=\"elementor-element elementor-element-3b0f2ef8 elementor-widget elementor-widget-text-editor\" data-id=\"3b0f2ef8\" data-element_type=\"widget\" data-e-type=\"widget\" data-widget_type=\"text-editor.default\">\n\t\t\t\t\t\t\t\t\t<p>A Gestoria Olivella ens encarreguem de tots els tr\u00e0mits administratius perqu\u00e8 tu nom\u00e9s hagis de gaudir del teu vehicle.<\/p>\t\t\t\t\t\t\t\t<\/div>\n\t\t\t\t<div class=\"elementor-element elementor-element-177e6bdf elementor-widget elementor-widget-text-editor\" data-id=\"177e6bdf\" data-element_type=\"widget\" data-e-type=\"widget\" data-widget_type=\"text-editor.default\">\n\t\t\t\t\t\t\t\t\t<p>Amb anys d\u2019experi\u00e8ncia, oferim un servei r\u00e0pid i segur en la gesti\u00f3 de tota mena de vehicles: particulars, professionals, agr\u00edcoles i hist\u00f2rics. Ens ocupem de la burocr\u00e0cia perqu\u00e8 el proc\u00e9s sigui f\u00e0cil i sense complicacions.<\/p>\t\t\t\t\t\t\t\t<\/div>\n\t\t\t\t<div class=\"elementor-element elementor-element-41164b5a elementor-widget elementor-widget-drivschol-about\" data-id=\"41164b5a\" data-element_type=\"widget\" data-e-type=\"widget\" data-widget_type=\"drivschol-about.default\">\n\t\t\t\t<div class=\"elementor-widget-container\">\n\t\t\t\t\t\r\n\t<!-- About Two Start -->\r\n\t<section class=\"about-two\">\r\n\t\t<div class=\"container\">\r\n\t\t\t<div class=\"row\">\r\n\t\t\t\t<div class=\"col-lg-6\">\r\n\t\t\t\t\t<div class=\"about-two__left  wow fadeInUp\" data-wow-delay='500ms'>\r\n\t\t\t\t\t\t<div class=\"about-two__left__item text-end\">\r\n\t\t\t\t\t\t\t<div class=\"about-two__left__item__img__one\">\r\n\t\t\t\t\t\t\t\t<img decoding=\"async\" src=\"https:\/\/www.autoescolaolivella.com\/assets\/2023\/12\/about-2-1.png\" alt=\"about-2-1\" title=\"about-2-1\" >\t\t\t\t\t\t\t<\/div>\r\n\t\t\t\t\t\t\t<div class=\"about-two__left__item__img__two text-start\">\r\n\t\t\t\t\t\t\t\t<img decoding=\"async\" src=\"https:\/\/www.autoescolaolivella.com\/assets\/2023\/12\/about-3-2.png\" alt=\"about-3-2\" title=\"about-3-2\" >\t\t\t\t\t\t\t<\/div>\r\n\t\t\t\t\t\t\t<div class=\"about-two__left__item__img__shape\">\r\n\t\t\t\t\t\t\t\t<img decoding=\"async\" src=\"https:\/\/www.autoescolaolivella.com\/assets\/2023\/12\/course-c-1-2-1.png\" alt=\"course-c-1-2\" title=\"course-c-1-2\" >\t\t\t\t\t\t\t<\/div>\r\n\t\t\t\t\t\t<\/div><!-- \/.about-two__left__item -->\r\n\t\t\t\t\t<\/div><!-- \/.about-two__left -->\r\n\t\t\t\t<\/div><!-- \/.col-lg-6 -->\r\n\r\n\t\t\t\t<div class=\"col-lg-6\">\r\n\t\t\t\t\t<div class=\"about-two__right\">\r\n\t\t\t\t\t\t<div class=\"about-two__right__head\">\r\n\t\t\t\t\t\t\t<div class=\"about-two__right__head__title\">\r\n\t\t\t\t\t\t\t\t<div class=\"sec-title  text-start wow fadeInUp\" data-wow-duration='300ms'>\r\n\r\n\t\t\t\t\t\t\t\t\t\t\t\t\t\t\t\t\t\t<h3 class=\"sec-title__title\">Tr\u00e0mits Habituals<\/h3>\t\t\t\t\t\t\t\t<\/div><!-- \/.sec-title -->\r\n\t\t\t\t\t\t\t<\/div><!-- \/.about-two__right__head__title -->\r\n\t\t\t\t\t\t\t\t\t\t\t\t\t<\/div><!-- \/.about-two__right__title -->\r\n\r\n\t\t\t\t\t\t<div class=\"about-two__right__award\">\r\n\t\t\t\t\t\t\t\t\t\t\t\t\t\t\t<div class=\"about-two__right__award__item  wow fadeInUp\" data-wow-delay='500ms'>\r\n\t\t\t\t\t\t\t\t\t<div class=\"about-two__right__item__icon\">\r\n\t\t\t\t\t\t\t\t\t\t<i aria-hidden=\"true\" class=\"  icon-trophy-2\"><\/i>\t\t\t\t\t\t\t\t\t<\/div><!-- \/.about-two__right__item__icon -->\r\n\t\t\t\t\t\t\t\t\t<div class=\"about-two__right__item__content\">\r\n\t\t\t\t\t\t\t\t\t\t<h4 class=\"about-two__right__item__content__title\">\r\n\t\t\t\t\t\t\t\t\t\t\tCanvis de Nom\t\t\t\t\t\t\t\t\t\t<\/h4><!-- \/.about-two__right__item__content__title -->\r\n\t\t\t\t\t\t\t\t\t\t<p class=\"about-two__right__item__content__text\">\r\n\t\t\t\t\t\t\t\t\t\t\tGesti\u00f3 integral del canvi de titularitat del teu vehicle, amb tots els tr\u00e0mits i documentaci\u00f3 necess\u00e0ria perqu\u00e8 la transfer\u00e8ncia sigui r\u00e0pida, segura i sense complicacions.\t\t\t\t\t\t\t\t\t\t<\/p><!-- \/.about-two__right__item__content__text -->\r\n\t\t\t\t\t\t\t\t\t<\/div><!-- \/.about-two__right__item__content -->\r\n\t\t\t\t\t\t\t\t<\/div><!-- \/.about-two__right__award__item -->\r\n\t\t\t\t\t\t\t\t\t\t\t\t\t\t\t<div class=\"about-two__right__award__item  wow fadeInUp\" data-wow-delay='500ms'>\r\n\t\t\t\t\t\t\t\t\t<div class=\"about-two__right__item__icon\">\r\n\t\t\t\t\t\t\t\t\t\t<i aria-hidden=\"true\" class=\"   icon-interest-rate-1\"><\/i>\t\t\t\t\t\t\t\t\t<\/div><!-- \/.about-two__right__item__icon -->\r\n\t\t\t\t\t\t\t\t\t<div class=\"about-two__right__item__content\">\r\n\t\t\t\t\t\t\t\t\t\t<h4 class=\"about-two__right__item__content__title\">\r\n\t\t\t\t\t\t\t\t\t\t\tMatriculacions\t\t\t\t\t\t\t\t\t\t<\/h4><!-- \/.about-two__right__item__content__title -->\r\n\t\t\t\t\t\t\t\t\t\t<p class=\"about-two__right__item__content__text\">\r\n\t\t\t\t\t\t\t\t\t\t\tTramitaci\u00f3 completa per a vehicles nous: matriculaci\u00f3, plaques, fitxes t\u00e8cniques i tota la documentaci\u00f3 necess\u00e0ria perqu\u00e8 puguis circular sense preocupacions.\t\t\t\t\t\t\t\t\t\t<\/p><!-- \/.about-two__right__item__content__text -->\r\n\t\t\t\t\t\t\t\t\t<\/div><!-- \/.about-two__right__item__content -->\r\n\t\t\t\t\t\t\t\t<\/div><!-- \/.about-two__right__award__item -->\r\n\t\t\t\t\t\t\t\t\t\t\t\t\t\t\t<div class=\"about-two__right__award__item  wow fadeInUp\" data-wow-delay='500ms'>\r\n\t\t\t\t\t\t\t\t\t<div class=\"about-two__right__item__icon\">\r\n\t\t\t\t\t\t\t\t\t\t<i aria-hidden=\"true\" class=\"   icon-interest-rate-1\"><\/i>\t\t\t\t\t\t\t\t\t<\/div><!-- \/.about-two__right__item__icon -->\r\n\t\t\t\t\t\t\t\t\t<div class=\"about-two__right__item__content\">\r\n\t\t\t\t\t\t\t\t\t\t<h4 class=\"about-two__right__item__content__title\">\r\n\t\t\t\t\t\t\t\t\t\t\tRegistre i Rehabilitacions\t\t\t\t\t\t\t\t\t\t<\/h4><!-- \/.about-two__right__item__content__title -->\r\n\t\t\t\t\t\t\t\t\t\t<p class=\"about-two__right__item__content__text\">\r\n\t\t\t\t\t\t\t\t\t\t\tTramitaci\u00f3 completa per inscriure nous vehicles al registre i gestionar la rehabilitaci\u00f3 de vehicles donats de baixa, retornant-los la documentaci\u00f3 i l\u2019autoritzaci\u00f3 per circular legalment.\t\t\t\t\t\t\t\t\t\t<\/p><!-- \/.about-two__right__item__content__text -->\r\n\t\t\t\t\t\t\t\t\t<\/div><!-- \/.about-two__right__item__content -->\r\n\t\t\t\t\t\t\t\t<\/div><!-- \/.about-two__right__award__item -->\r\n\t\t\t\t\t\t\t\t\t\t\t\t\t<\/div><!-- \/.about-two__right__award -->\r\n\t\t\t\t\t\t<div class=\"about-two__right__author  wow fadeInUp\" data-wow-delay='300ms'>\r\n\t\t\t\t\t\t\t\t\t\t\t\t\t\t\t<div class=\"about-two__right__link\">\r\n\t\t\t\t\t\t\t\t\t<a href=\"https:\/\/www.autoescolaolivella.com\/index.php\/contacte\/\"  class=\"about-two__right__link__btn drivschol-btn drivschol-btn--black\">\r\n\t\t\t\t\t\t\t\t\t\tContacta\t\t\t\t\t\t\t\t\t<\/a>\r\n\t\t\t\t\t\t\t\t<\/div><!-- \/.about-two__right__link -->\r\n\t\t\t\t\t\t\t\t\t\t\t\t\t\t\t\t\t\t\t\t<\/div><!-- \/.about-two__right__author -->\r\n\t\t\t\t\t<\/div><!-- \/.about-two__right -->\r\n\t\t\t\t<\/div><!-- \/.col-lg-6 -->\r\n\t\t\t<\/div><!-- \/.row -->\r\n\t\t<\/div><!-- \/.container -->\r\n\t<\/section><!-- \/.about-two -->\r\n\t<!-- About Two End -->\r\n\t\t\t\t<\/div>\n\t\t\t\t<\/div>\n\t\t\t\t<div class=\"elementor-element elementor-element-60bec82 elementor-widget elementor-widget-drivschol-about\" data-id=\"60bec82\" data-element_type=\"widget\" data-e-type=\"widget\" data-widget_type=\"drivschol-about.default\">\n\t\t\t\t<div class=\"elementor-widget-container\">\n\t\t\t\t\t\r\n\t<!-- About Two Start -->\r\n\t<section class=\"about-two\">\r\n\t\t<div class=\"container\">\r\n\t\t\t<div class=\"row\">\r\n\t\t\t\t<div class=\"col-lg-6\">\r\n\t\t\t\t\t<div class=\"about-two__left  wow fadeInUp\" data-wow-delay='500ms'>\r\n\t\t\t\t\t\t<div class=\"about-two__left__item text-end\">\r\n\t\t\t\t\t\t\t<div class=\"about-two__left__item__img__one\">\r\n\t\t\t\t\t\t\t\t<img decoding=\"async\" src=\"https:\/\/www.autoescolaolivella.com\/assets\/2023\/12\/blog4.jpg\" alt=\"blog4\" title=\"blog4\" >\t\t\t\t\t\t\t<\/div>\r\n\t\t\t\t\t\t\t<div class=\"about-two__left__item__img__two text-start\">\r\n\t\t\t\t\t\t\t\t\t\t\t\t\t\t\t<\/div>\r\n\t\t\t\t\t\t\t<div class=\"about-two__left__item__img__shape\">\r\n\t\t\t\t\t\t\t\t<img decoding=\"async\" src=\"https:\/\/www.autoescolaolivella.com\/assets\/2023\/12\/cta-3-2.png\" alt=\"cta-3-2\" title=\"cta-3-2\" >\t\t\t\t\t\t\t<\/div>\r\n\t\t\t\t\t\t<\/div><!-- \/.about-two__left__item -->\r\n\t\t\t\t\t<\/div><!-- \/.about-two__left -->\r\n\t\t\t\t<\/div><!-- \/.col-lg-6 -->\r\n\r\n\t\t\t\t<div class=\"col-lg-6\">\r\n\t\t\t\t\t<div class=\"about-two__right\">\r\n\t\t\t\t\t\t<div class=\"about-two__right__head\">\r\n\t\t\t\t\t\t\t<div class=\"about-two__right__head__title\">\r\n\t\t\t\t\t\t\t\t<div class=\"sec-title  text-start wow fadeInUp\" data-wow-duration='300ms'>\r\n\r\n\t\t\t\t\t\t\t\t\t\t\t\t\t\t\t\t\t\t<h3 class=\"sec-title__title\">Vehicles Especials<\/h3>\t\t\t\t\t\t\t\t<\/div><!-- \/.sec-title -->\r\n\t\t\t\t\t\t\t<\/div><!-- \/.about-two__right__head__title -->\r\n\t\t\t\t\t\t\t\t\t\t\t\t\t<\/div><!-- \/.about-two__right__title -->\r\n\r\n\t\t\t\t\t\t<div class=\"about-two__right__award\">\r\n\t\t\t\t\t\t\t\t\t\t\t\t\t\t\t<div class=\"about-two__right__award__item  wow fadeInUp\" data-wow-delay='500ms'>\r\n\t\t\t\t\t\t\t\t\t<div class=\"about-two__right__item__icon\">\r\n\t\t\t\t\t\t\t\t\t\t<i aria-hidden=\"true\" class=\"  icon-trophy-2\"><\/i>\t\t\t\t\t\t\t\t\t<\/div><!-- \/.about-two__right__item__icon -->\r\n\t\t\t\t\t\t\t\t\t<div class=\"about-two__right__item__content\">\r\n\t\t\t\t\t\t\t\t\t\t<h4 class=\"about-two__right__item__content__title\">\r\n\t\t\t\t\t\t\t\t\t\t\tVehicles d&#039;Importaci\u00f3\t\t\t\t\t\t\t\t\t\t<\/h4><!-- \/.about-two__right__item__content__title -->\r\n\t\t\t\t\t\t\t\t\t\t<p class=\"about-two__right__item__content__text\">\r\n\t\t\t\t\t\t\t\t\t\t\tMatriculacions i homologacions per a vehicles vinguts de l\u2019estranger.\t\t\t\t\t\t\t\t\t\t<\/p><!-- \/.about-two__right__item__content__text -->\r\n\t\t\t\t\t\t\t\t\t<\/div><!-- \/.about-two__right__item__content -->\r\n\t\t\t\t\t\t\t\t<\/div><!-- \/.about-two__right__award__item -->\r\n\t\t\t\t\t\t\t\t\t\t\t\t\t\t\t<div class=\"about-two__right__award__item  wow fadeInUp\" data-wow-delay='500ms'>\r\n\t\t\t\t\t\t\t\t\t<div class=\"about-two__right__item__icon\">\r\n\t\t\t\t\t\t\t\t\t\t<i aria-hidden=\"true\" class=\"   icon-interest-rate-1\"><\/i>\t\t\t\t\t\t\t\t\t<\/div><!-- \/.about-two__right__item__icon -->\r\n\t\t\t\t\t\t\t\t\t<div class=\"about-two__right__item__content\">\r\n\t\t\t\t\t\t\t\t\t\t<h4 class=\"about-two__right__item__content__title\">\r\n\t\t\t\t\t\t\t\t\t\t\tVehicles Hist\u00f2rics\t\t\t\t\t\t\t\t\t\t<\/h4><!-- \/.about-two__right__item__content__title -->\r\n\t\t\t\t\t\t\t\t\t\t<p class=\"about-two__right__item__content__text\">\r\n\t\t\t\t\t\t\t\t\t\t\tLegalitzaci\u00f3 i registre de vehicles cl\u00e0ssics, amb tots els tr\u00e0mits i certificats necessaris per obtenir la seva catalogaci\u00f3 oficial i circular amb la documentaci\u00f3 en regla.\t\t\t\t\t\t\t\t\t\t<\/p><!-- \/.about-two__right__item__content__text -->\r\n\t\t\t\t\t\t\t\t\t<\/div><!-- \/.about-two__right__item__content -->\r\n\t\t\t\t\t\t\t\t<\/div><!-- \/.about-two__right__award__item -->\r\n\t\t\t\t\t\t\t\t\t\t\t\t\t\t\t<div class=\"about-two__right__award__item  wow fadeInUp\" data-wow-delay='500ms'>\r\n\t\t\t\t\t\t\t\t\t<div class=\"about-two__right__item__icon\">\r\n\t\t\t\t\t\t\t\t\t\t<i aria-hidden=\"true\" class=\"   icon-interest-rate-1\"><\/i>\t\t\t\t\t\t\t\t\t<\/div><!-- \/.about-two__right__item__icon -->\r\n\t\t\t\t\t\t\t\t\t<div class=\"about-two__right__item__content\">\r\n\t\t\t\t\t\t\t\t\t\t<h4 class=\"about-two__right__item__content__title\">\r\n\t\t\t\t\t\t\t\t\t\t\tVehicles Agr\u00edcoles\t\t\t\t\t\t\t\t\t\t<\/h4><!-- \/.about-two__right__item__content__title -->\r\n\t\t\t\t\t\t\t\t\t\t<p class=\"about-two__right__item__content__text\">\r\n\t\t\t\t\t\t\t\t\t\t\tGesti\u00f3 de matriculacions, canvis de nom i tr\u00e0mits espec\u00edfics per a tractors i maquin\u00e0ria agr\u00edcola, assegurant que tots els vehicles quedin registrats i legalitzats per circular i treballar amb total garantia.\t\t\t\t\t\t\t\t\t\t<\/p><!-- \/.about-two__right__item__content__text -->\r\n\t\t\t\t\t\t\t\t\t<\/div><!-- \/.about-two__right__item__content -->\r\n\t\t\t\t\t\t\t\t<\/div><!-- \/.about-two__right__award__item -->\r\n\t\t\t\t\t\t\t\t\t\t\t\t\t<\/div><!-- \/.about-two__right__award -->\r\n\t\t\t\t\t\t<div class=\"about-two__right__author  wow fadeInUp\" data-wow-delay='300ms'>\r\n\t\t\t\t\t\t\t\t\t\t\t\t\t\t\t<div class=\"about-two__right__link\">\r\n\t\t\t\t\t\t\t\t\t<a href=\"https:\/\/www.autoescolaolivella.com\/index.php\/contacte\/\"  class=\"about-two__right__link__btn drivschol-btn drivschol-btn--black\">\r\n\t\t\t\t\t\t\t\t\t\tContacta\t\t\t\t\t\t\t\t\t<\/a>\r\n\t\t\t\t\t\t\t\t<\/div><!-- \/.about-two__right__link -->\r\n\t\t\t\t\t\t\t\t\t\t\t\t\t\t\t\t\t\t\t\t<\/div><!-- \/.about-two__right__author -->\r\n\t\t\t\t\t<\/div><!-- \/.about-two__right -->\r\n\t\t\t\t<\/div><!-- \/.col-lg-6 -->\r\n\t\t\t<\/div><!-- \/.row -->\r\n\t\t<\/div><!-- \/.container -->\r\n\t<\/section><!-- \/.about-two -->\r\n\t<!-- About Two End -->\r\n\t\t\t\t<\/div>\n\t\t\t\t<\/div>\n\t\t\t\t<div class=\"elementor-element elementor-element-ac0504f elementor-widget elementor-widget-drivschol-about\" data-id=\"ac0504f\" data-element_type=\"widget\" data-e-type=\"widget\" data-widget_type=\"drivschol-about.default\">\n\t\t\t\t<div class=\"elementor-widget-container\">\n\t\t\t\t\t\r\n\t<!-- About Two Start -->\r\n\t<section class=\"about-two\">\r\n\t\t<div class=\"container\">\r\n\t\t\t<div class=\"row\">\r\n\t\t\t\t<div class=\"col-lg-6\">\r\n\t\t\t\t\t<div class=\"about-two__left  wow fadeInUp\" data-wow-delay='500ms'>\r\n\t\t\t\t\t\t<div class=\"about-two__left__item text-end\">\r\n\t\t\t\t\t\t\t<div class=\"about-two__left__item__img__one\">\r\n\t\t\t\t\t\t\t\t<img decoding=\"async\" src=\"https:\/\/www.autoescolaolivella.com\/assets\/2023\/12\/developer-1-1-1.png\" alt=\"developer-1-1\" title=\"developer-1-1\" >\t\t\t\t\t\t\t<\/div>\r\n\t\t\t\t\t\t\t<div class=\"about-two__left__item__img__two text-start\">\r\n\t\t\t\t\t\t\t\t<img decoding=\"async\" src=\"https:\/\/www.autoescolaolivella.com\/assets\/2023\/12\/service-bg-3-1.png\" alt=\"service-bg-3-1\" title=\"service-bg-3-1\" >\t\t\t\t\t\t\t<\/div>\r\n\t\t\t\t\t\t\t<div class=\"about-two__left__item__img__shape\">\r\n\t\t\t\t\t\t\t\t<img decoding=\"async\" src=\"https:\/\/www.autoescolaolivella.com\/assets\/2025\/09\/revision-itv-inspeccion-obligatoria-centro.jpg\" alt=\"revision-itv-inspeccion-obligatoria-centro\" title=\"revision-itv-inspeccion-obligatoria-centro\" >\t\t\t\t\t\t\t<\/div>\r\n\t\t\t\t\t\t<\/div><!-- \/.about-two__left__item -->\r\n\t\t\t\t\t<\/div><!-- \/.about-two__left -->\r\n\t\t\t\t<\/div><!-- \/.col-lg-6 -->\r\n\r\n\t\t\t\t<div class=\"col-lg-6\">\r\n\t\t\t\t\t<div class=\"about-two__right\">\r\n\t\t\t\t\t\t<div class=\"about-two__right__head\">\r\n\t\t\t\t\t\t\t<div class=\"about-two__right__head__title\">\r\n\t\t\t\t\t\t\t\t<div class=\"sec-title  text-start wow fadeInUp\" data-wow-duration='300ms'>\r\n\r\n\t\t\t\t\t\t\t\t\t\t\t\t\t\t\t\t\t\t<h3 class=\"sec-title__title\">Conductors i Permisos<\/h3>\t\t\t\t\t\t\t\t<\/div><!-- \/.sec-title -->\r\n\t\t\t\t\t\t\t<\/div><!-- \/.about-two__right__head__title -->\r\n\t\t\t\t\t\t\t\t\t\t\t\t\t<\/div><!-- \/.about-two__right__title -->\r\n\r\n\t\t\t\t\t\t<div class=\"about-two__right__award\">\r\n\t\t\t\t\t\t\t\t\t\t\t\t\t\t\t<div class=\"about-two__right__award__item  wow fadeInUp\" data-wow-delay='500ms'>\r\n\t\t\t\t\t\t\t\t\t<div class=\"about-two__right__item__icon\">\r\n\t\t\t\t\t\t\t\t\t\t<i aria-hidden=\"true\" class=\"  icon-trophy-2\"><\/i>\t\t\t\t\t\t\t\t\t<\/div><!-- \/.about-two__right__item__icon -->\r\n\t\t\t\t\t\t\t\t\t<div class=\"about-two__right__item__content\">\r\n\t\t\t\t\t\t\t\t\t\t<h4 class=\"about-two__right__item__content__title\">\r\n\t\t\t\t\t\t\t\t\t\t\tDuplicats i canjes de perm\u00eds de conduir per estrangers\t\t\t\t\t\t\t\t\t\t<\/h4><!-- \/.about-two__right__item__content__title -->\r\n\t\t\t\t\t\t\t\t\t\t<p class=\"about-two__right__item__content__text\">\r\n\t\t\t\t\t\t\t\t\t\t\tTingues la documentaci\u00f3 al dia sense complicacions.\t\t\t\t\t\t\t\t\t\t<\/p><!-- \/.about-two__right__item__content__text -->\r\n\t\t\t\t\t\t\t\t\t<\/div><!-- \/.about-two__right__item__content -->\r\n\t\t\t\t\t\t\t\t<\/div><!-- \/.about-two__right__award__item -->\r\n\t\t\t\t\t\t\t\t\t\t\t\t\t\t\t<div class=\"about-two__right__award__item  wow fadeInUp\" data-wow-delay='500ms'>\r\n\t\t\t\t\t\t\t\t\t<div class=\"about-two__right__item__icon\">\r\n\t\t\t\t\t\t\t\t\t\t<i aria-hidden=\"true\" class=\"   icon-interest-rate-1\"><\/i>\t\t\t\t\t\t\t\t\t<\/div><!-- \/.about-two__right__item__icon -->\r\n\t\t\t\t\t\t\t\t\t<div class=\"about-two__right__item__content\">\r\n\t\t\t\t\t\t\t\t\t\t<h4 class=\"about-two__right__item__content__title\">\r\n\t\t\t\t\t\t\t\t\t\t\tTr\u00e0mits al Registre Civil i amb Just\u00edcia\t\t\t\t\t\t\t\t\t\t<\/h4><!-- \/.about-two__right__item__content__title -->\r\n\t\t\t\t\t\t\t\t\t\t<p class=\"about-two__right__item__content__text\">\r\n\t\t\t\t\t\t\t\t\t\t\tGesti\u00f3 d\u2019expedients i documentaci\u00f3 oficial davant el Registre Civil i els \u00f2rgans de Just\u00edcia, assegurant una tramitaci\u00f3 r\u00e0pida, correcta i sense complicacions administratives.\t\t\t\t\t\t\t\t\t\t<\/p><!-- \/.about-two__right__item__content__text -->\r\n\t\t\t\t\t\t\t\t\t<\/div><!-- \/.about-two__right__item__content -->\r\n\t\t\t\t\t\t\t\t<\/div><!-- \/.about-two__right__award__item -->\r\n\t\t\t\t\t\t\t\t\t\t\t\t\t\t\t<div class=\"about-two__right__award__item  wow fadeInUp\" data-wow-delay='500ms'>\r\n\t\t\t\t\t\t\t\t\t<div class=\"about-two__right__item__icon\">\r\n\t\t\t\t\t\t\t\t\t\t<i aria-hidden=\"true\" class=\"   icon-interest-rate-1\"><\/i>\t\t\t\t\t\t\t\t\t<\/div><!-- \/.about-two__right__item__icon -->\r\n\t\t\t\t\t\t\t\t\t<div class=\"about-two__right__item__content\">\r\n\t\t\t\t\t\t\t\t\t\t<h4 class=\"about-two__right__item__content__title\">\r\n\t\t\t\t\t\t\t\t\t\t\tGesti\u00f3 de la flota de vehicles per a la ITV\t\t\t\t\t\t\t\t\t\t<\/h4><!-- \/.about-two__right__item__content__title -->\r\n\t\t\t\t\t\t\t\t\t\t<p class=\"about-two__right__item__content__text\">\r\n\t\t\t\t\t\t\t\t\t\t\tOrganitzaci\u00f3 i coordinaci\u00f3 de totes les cites a la ITV, revisi\u00f3 pr\u00e8via de la documentaci\u00f3 i seguiment dels tr\u00e0mits perqu\u00e8 la teva flota compleixi sempre amb la normativa vigent i estigui a punt per circular.\t\t\t\t\t\t\t\t\t\t<\/p><!-- \/.about-two__right__item__content__text -->\r\n\t\t\t\t\t\t\t\t\t<\/div><!-- \/.about-two__right__item__content -->\r\n\t\t\t\t\t\t\t\t<\/div><!-- \/.about-two__right__award__item -->\r\n\t\t\t\t\t\t\t\t\t\t\t\t\t<\/div><!-- \/.about-two__right__award -->\r\n\t\t\t\t\t\t<div class=\"about-two__right__author  wow fadeInUp\" data-wow-delay='300ms'>\r\n\t\t\t\t\t\t\t\t\t\t\t\t\t\t\t<div class=\"about-two__right__link\">\r\n\t\t\t\t\t\t\t\t\t<a href=\"https:\/\/www.autoescolaolivella.com\/index.php\/contacte\/\"  class=\"about-two__right__link__btn drivschol-btn drivschol-btn--black\">\r\n\t\t\t\t\t\t\t\t\t\tContacta\t\t\t\t\t\t\t\t\t<\/a>\r\n\t\t\t\t\t\t\t\t<\/div><!-- \/.about-two__right__link -->\r\n\t\t\t\t\t\t\t\t\t\t\t\t\t\t\t\t\t\t\t\t<\/div><!-- \/.about-two__right__author -->\r\n\t\t\t\t\t<\/div><!-- \/.about-two__right -->\r\n\t\t\t\t<\/div><!-- \/.col-lg-6 -->\r\n\t\t\t<\/div><!-- \/.row -->\r\n\t\t<\/div><!-- \/.container -->\r\n\t<\/section><!-- \/.about-two -->\r\n\t<!-- About Two End -->\r\n\t\t\t\t<\/div>\n\t\t\t\t<\/div>\n\t\t\t\t<div class=\"elementor-element elementor-element-7592ffcb elementor-widget elementor-widget-drivschol-service-details\" data-id=\"7592ffcb\" data-element_type=\"widget\" data-e-type=\"widget\" data-widget_type=\"drivschol-service-details.default\">\n\t\t\t\t<div class=\"elementor-widget-container\">\n\t\t\t\t\t\r\n\t<div class=\"service-details__single wow fadeInUp\" data-wow-delay='300ms'>\r\n\t\t<div class=\"service-details__single-inner service-details__single-inner--base\">\r\n\t\t\t<img decoding=\"async\" src=\"https:\/\/www.autoescolaolivella.com\/assets\/2023\/12\/service-m-2.jpg\" alt=\"service-m-2\" title=\"service-m-2\" class=\"benefit__img\" >\t\t\t<div class=\"service-details__benefit\">\r\n\t\t\t\t<h3 class=\"service-details__title\">Beneficis<\/h3>\t\t\t\t<ul class=\"list-unstyled service-details__list\">\r\n\t\t\t\t\t\t\t\t\t\t\t<li>\r\n\t\t\t\t\t\t\tRapidesa en tots els tr\u00e0mits\t\t\t\t\t\t<\/li>\r\n\t\t\t\t\t\t\t\t\t\t\t<li>\r\n\t\t\t\t\t\t\tAssessorament personalitzat\t\t\t\t\t\t<\/li>\r\n\t\t\t\t\t\t\t\t\t\t\t<li>\r\n\t\t\t\t\t\t\tConeixement actualitzat de la normativa\t\t\t\t\t\t<\/li>\r\n\t\t\t\t\t\t\t\t\t\t\t<li>\r\n\t\t\t\t\t\t\tSolucions per a particulars i empreses\t\t\t\t\t\t<\/li>\r\n\t\t\t\t\t\t\t\t\t<\/ul><!-- \/.list-unstyled team-details__list -->\r\n\t\t\t<\/div>\r\n\t\t<\/div>\r\n\t<\/div><!-- \/.service-details__single-->\r\n\t\t\t\t<\/div>\n\t\t\t\t<\/div>\n\t\t\t\t<\/div>\n\t\t\t\t\t<\/div>\n\t\t\t\t<\/div>\n\t\t\t\t<\/div>\n\t\t","protected":false},"excerpt":{"rendered":"<p>Totes les gestions de vehicles en un sol lloc A Gestoria Olivella ens encarreguem de tots els tr\u00e0mits administratius perqu\u00e8 tu nom\u00e9s hagis de gaudir del teu vehicle. Amb anys d\u2019experi\u00e8ncia, oferim un servei r\u00e0pid i segur en la gesti\u00f3 de tota mena de vehicles: particulars, professionals, agr\u00edcoles i hist\u00f2rics. Ens ocupem de la burocr\u00e0cia [&hellip;]<\/p>\n","protected":false},"author":7,"featured_media":0,"parent":4612,"menu_order":0,"comment_status":"closed","ping_status":"closed","template":"elementor_header_footer","meta":{"footnotes":""},"class_list":["post-4616","page","type-page","status-publish","hentry"],"_links":{"self":[{"href":"https:\/\/www.autoescolaolivella.com\/index.php\/wp-json\/wp\/v2\/pages\/4616","targetHints":{"allow":["GET"]}}],"collection":[{"href":"https:\/\/www.autoescolaolivella.com\/index.php\/wp-json\/wp\/v2\/pages"}],"about":[{"href":"https:\/\/www.autoescolaolivella.com\/index.php\/wp-json\/wp\/v2\/types\/page"}],"author":[{"embeddable":true,"href":"https:\/\/www.autoescolaolivella.com\/index.php\/wp-json\/wp\/v2\/users\/7"}],"replies":[{"embeddable":true,"href":"https:\/\/www.autoescolaolivella.com\/index.php\/wp-json\/wp\/v2\/comments?post=4616"}],"version-history":[{"count":25,"href":"https:\/\/www.autoescolaolivella.com\/index.php\/wp-json\/wp\/v2\/pages\/4616\/revisions"}],"predecessor-version":[{"id":5570,"href":"https:\/\/www.autoescolaolivella.com\/index.php\/wp-json\/wp\/v2\/pages\/4616\/revisions\/5570"}],"up":[{"embeddable":true,"href":"https:\/\/www.autoescolaolivella.com\/index.php\/wp-json\/wp\/v2\/pages\/4612"}],"wp:attachment":[{"href":"https:\/\/www.autoescolaolivella.com\/index.php\/wp-json\/wp\/v2\/media?parent=4616"}],"curies":[{"name":"wp","href":"https:\/\/api.w.org\/{rel}","templated":true}]}}