{"id":4618,"date":"2025-08-16T19:42:42","date_gmt":"2025-08-16T17:42:42","guid":{"rendered":"https:\/\/www.autoescolaolivella.com\/000000\/?page_id=4618"},"modified":"2025-09-16T17:43:10","modified_gmt":"2025-09-16T15:43:10","slug":"transports","status":"publish","type":"page","link":"https:\/\/www.autoescolaolivella.com\/index.php\/gestions\/transports\/","title":{"rendered":"Transports"},"content":{"rendered":"\t\t<div data-elementor-type=\"wp-page\" data-elementor-id=\"4618\" class=\"elementor elementor-4618\">\n\t\t\t\t<div class=\"elementor-element elementor-element-6e57120e e-con-full e-flex e-con e-parent\" data-id=\"6e57120e\" data-element_type=\"container\" data-e-type=\"container\">\n\t\t\t\t<div class=\"elementor-element elementor-element-4437bacd elementor-widget elementor-widget-drivschol-about\" data-id=\"4437bacd\" data-element_type=\"widget\" data-e-type=\"widget\" data-widget_type=\"drivschol-about.default\">\n\t\t\t\t<div class=\"elementor-widget-container\">\n\t\t\t\t\t\r\n\t<!-- About Two Start -->\r\n\t<section class=\"about-two\">\r\n\t\t<div class=\"container\">\r\n\t\t\t<div class=\"row\">\r\n\t\t\t\t<div class=\"col-lg-6\">\r\n\t\t\t\t\t<div class=\"about-two__left  wow fadeInUp\" data-wow-delay='500ms'>\r\n\t\t\t\t\t\t<div class=\"about-two__left__item text-end\">\r\n\t\t\t\t\t\t\t<div class=\"about-two__left__item__img__one\">\r\n\t\t\t\t\t\t\t\t<img decoding=\"async\" src=\"https:\/\/www.autoescolaolivella.com\/assets\/2023\/12\/about-2-1.png\" alt=\"about-2-1\" title=\"about-2-1\" >\t\t\t\t\t\t\t<\/div>\r\n\t\t\t\t\t\t\t<div class=\"about-two__left__item__img__two text-start\">\r\n\t\t\t\t\t\t\t\t<img decoding=\"async\" src=\"https:\/\/www.autoescolaolivella.com\/assets\/2023\/12\/about-3-2.png\" alt=\"about-3-2\" title=\"about-3-2\" >\t\t\t\t\t\t\t<\/div>\r\n\t\t\t\t\t\t\t<div class=\"about-two__left__item__img__shape\">\r\n\t\t\t\t\t\t\t\t<img decoding=\"async\" src=\"https:\/\/www.autoescolaolivella.com\/assets\/2023\/12\/developer-1-1-1.png\" alt=\"developer-1-1\" title=\"developer-1-1\" >\t\t\t\t\t\t\t<\/div>\r\n\t\t\t\t\t\t<\/div><!-- \/.about-two__left__item -->\r\n\t\t\t\t\t<\/div><!-- \/.about-two__left -->\r\n\t\t\t\t<\/div><!-- \/.col-lg-6 -->\r\n\r\n\t\t\t\t<div class=\"col-lg-6\">\r\n\t\t\t\t\t<div class=\"about-two__right\">\r\n\t\t\t\t\t\t<div class=\"about-two__right__head\">\r\n\t\t\t\t\t\t\t<div class=\"about-two__right__head__title\">\r\n\t\t\t\t\t\t\t\t<div class=\"sec-title  text-start wow fadeInUp\" data-wow-duration='300ms'>\r\n\r\n\t\t\t\t\t\t\t\t\t\t\t\t\t\t\t\t\t\t<h3 class=\"sec-title__title\">Gesti\u00f3 de Transports Professionals<\/h3>\t\t\t\t\t\t\t\t<\/div><!-- \/.sec-title -->\r\n\t\t\t\t\t\t\t<\/div><!-- \/.about-two__right__head__title -->\r\n\t\t\t\t\t\t\t\t\t\t\t\t\t<\/div><!-- \/.about-two__right__title -->\r\n\r\n\t\t\t\t\t\t<div class=\"about-two__right__award\">\r\n\t\t\t\t\t\t\t\t\t\t\t\t\t\t\t<div class=\"about-two__right__award__item  wow fadeInUp\" data-wow-delay='500ms'>\r\n\t\t\t\t\t\t\t\t\t<div class=\"about-two__right__item__icon\">\r\n\t\t\t\t\t\t\t\t\t\t<i aria-hidden=\"true\" class=\"  icon-trophy-2\"><\/i>\t\t\t\t\t\t\t\t\t<\/div><!-- \/.about-two__right__item__icon -->\r\n\t\t\t\t\t\t\t\t\t<div class=\"about-two__right__item__content\">\r\n\t\t\t\t\t\t\t\t\t\t<h4 class=\"about-two__right__item__content__title\">\r\n\t\t\t\t\t\t\t\t\t\t\tTargetes de Transport\t\t\t\t\t\t\t\t\t\t<\/h4><!-- \/.about-two__right__item__content__title -->\r\n\t\t\t\t\t\t\t\t\t\t<p class=\"about-two__right__item__content__text\">\r\n\t\t\t\t\t\t\t\t\t\t\tGesti\u00f3 per a professionals. Gesti\u00f3 de Targetes Comunit\u00e0ries\t\t\t\t\t\t\t\t\t\t<\/p><!-- \/.about-two__right__item__content__text -->\r\n\t\t\t\t\t\t\t\t\t<\/div><!-- \/.about-two__right__item__content -->\r\n\t\t\t\t\t\t\t\t<\/div><!-- \/.about-two__right__award__item -->\r\n\t\t\t\t\t\t\t\t\t\t\t\t\t\t\t<div class=\"about-two__right__award__item  wow fadeInUp\" data-wow-delay='500ms'>\r\n\t\t\t\t\t\t\t\t\t<div class=\"about-two__right__item__icon\">\r\n\t\t\t\t\t\t\t\t\t\t<i aria-hidden=\"true\" class=\"   icon-interest-rate-1\"><\/i>\t\t\t\t\t\t\t\t\t<\/div><!-- \/.about-two__right__item__icon -->\r\n\t\t\t\t\t\t\t\t\t<div class=\"about-two__right__item__content\">\r\n\t\t\t\t\t\t\t\t\t\t<h4 class=\"about-two__right__item__content__title\">\r\n\t\t\t\t\t\t\t\t\t\t\tGesti\u00f3 de sancions i recursos\t\t\t\t\t\t\t\t\t\t<\/h4><!-- \/.about-two__right__item__content__title -->\r\n\t\t\t\t\t\t\t\t\t\t<p class=\"about-two__right__item__content__text\">\r\n\t\t\t\t\t\t\t\t\t\t\tRecursos i al\u00b7legacions de multes i sancions de tr\u00e0nsit, amb tramitaci\u00f3 i seguiment complet fins a la resoluci\u00f3.\t\t\t\t\t\t\t\t\t\t<\/p><!-- \/.about-two__right__item__content__text -->\r\n\t\t\t\t\t\t\t\t\t<\/div><!-- \/.about-two__right__item__content -->\r\n\t\t\t\t\t\t\t\t<\/div><!-- \/.about-two__right__award__item -->\r\n\t\t\t\t\t\t\t\t\t\t\t\t\t\t\t<div class=\"about-two__right__award__item  wow fadeInUp\" data-wow-delay='500ms'>\r\n\t\t\t\t\t\t\t\t\t<div class=\"about-two__right__item__icon\">\r\n\t\t\t\t\t\t\t\t\t\t<i aria-hidden=\"true\" class=\"   icon-interest-rate-1\"><\/i>\t\t\t\t\t\t\t\t\t<\/div><!-- \/.about-two__right__item__icon -->\r\n\t\t\t\t\t\t\t\t\t<div class=\"about-two__right__item__content\">\r\n\t\t\t\t\t\t\t\t\t\t<h4 class=\"about-two__right__item__content__title\">\r\n\t\t\t\t\t\t\t\t\t\t\tVehicles i documentaci\u00f3\t\t\t\t\t\t\t\t\t\t<\/h4><!-- \/.about-two__right__item__content__title -->\r\n\t\t\t\t\t\t\t\t\t\t<p class=\"about-two__right__item__content__text\">\r\n\t\t\t\t\t\t\t\t\t\t\tFitxes redu\u00efdes de Vehicles. Legalitzaci\u00f3 de Vehicles d\u2019Importaci\u00f3. Gesti\u00f3 de la flota per a la ITV\t\t\t\t\t\t\t\t\t\t<\/p><!-- \/.about-two__right__item__content__text -->\r\n\t\t\t\t\t\t\t\t\t<\/div><!-- \/.about-two__right__item__content -->\r\n\t\t\t\t\t\t\t\t<\/div><!-- \/.about-two__right__award__item -->\r\n\t\t\t\t\t\t\t\t\t\t\t\t\t\t\t<div class=\"about-two__right__award__item  wow fadeInUp\" data-wow-delay='500ms'>\r\n\t\t\t\t\t\t\t\t\t<div class=\"about-two__right__item__icon\">\r\n\t\t\t\t\t\t\t\t\t\t<i aria-hidden=\"true\" class=\"   icon-interest-rate-1\"><\/i>\t\t\t\t\t\t\t\t\t<\/div><!-- \/.about-two__right__item__icon -->\r\n\t\t\t\t\t\t\t\t\t<div class=\"about-two__right__item__content\">\r\n\t\t\t\t\t\t\t\t\t\t<h4 class=\"about-two__right__item__content__title\">\r\n\t\t\t\t\t\t\t\t\t\t\tAltres Tr\u00e0mits especialitzats\t\t\t\t\t\t\t\t\t\t<\/h4><!-- \/.about-two__right__item__content__title -->\r\n\t\t\t\t\t\t\t\t\t\t<p class=\"about-two__right__item__content__text\">\r\n\t\t\t\t\t\t\t\t\t\t\tTr\u00e0mits amb l\u2019Ag\u00e8ncia Catalana de Residus  Gesti\u00f3 de les Targetes de Tac\u00f2graf  Conseller de Seguretat\t\t\t\t\t\t\t\t\t\t<\/p><!-- \/.about-two__right__item__content__text -->\r\n\t\t\t\t\t\t\t\t\t<\/div><!-- \/.about-two__right__item__content -->\r\n\t\t\t\t\t\t\t\t<\/div><!-- \/.about-two__right__award__item -->\r\n\t\t\t\t\t\t\t\t\t\t\t\t\t<\/div><!-- \/.about-two__right__award -->\r\n\t\t\t\t\t\t<div class=\"about-two__right__author  wow fadeInUp\" data-wow-delay='300ms'>\r\n\t\t\t\t\t\t\t\t\t\t\t\t\t\t\t<div class=\"about-two__right__link\">\r\n\t\t\t\t\t\t\t\t\t<a href=\"https:\/\/bracketweb.com\/drivscholwp\/it-is-a-long-established-fact-that-a-reader\/\" class=\"about-two__right__link__btn drivschol-btn drivschol-btn--black\" target=\"_blank\" rel=\"noopener\">\r\n\t\t\t\t\t\t\t\t\t\tNecesites Ajuda?\t\t\t\t\t\t\t\t\t<\/a>\r\n\t\t\t\t\t\t\t\t<\/div><!-- \/.about-two__right__link -->\r\n\t\t\t\t\t\t\t\t\t\t\t\t\t\t\t\t\t\t\t\t<\/div><!-- \/.about-two__right__author -->\r\n\t\t\t\t\t<\/div><!-- \/.about-two__right -->\r\n\t\t\t\t<\/div><!-- \/.col-lg-6 -->\r\n\t\t\t<\/div><!-- \/.row -->\r\n\t\t<\/div><!-- \/.container -->\r\n\t<\/section><!-- \/.about-two -->\r\n\t<!-- About Two End -->\r\n\t\t\t\t<\/div>\n\t\t\t\t<\/div>\n\t\t\t\t<\/div>\n\t\t\t\t<\/div>\n\t\t","protected":false},"excerpt":{"rendered":"<p>Gesti\u00f3 de Transports Professionals Targetes de Transport Gesti\u00f3 per a professionals. Gesti\u00f3 de Targetes Comunit\u00e0ries Gesti\u00f3 de sancions i recursos Recursos i al\u00b7legacions de multes i sancions de tr\u00e0nsit, amb tramitaci\u00f3 i seguiment complet fins a la resoluci\u00f3. Vehicles i documentaci\u00f3 Fitxes redu\u00efdes de Vehicles. Legalitzaci\u00f3 de Vehicles d\u2019Importaci\u00f3. Gesti\u00f3 de la flota per a [&hellip;]<\/p>\n","protected":false},"author":7,"featured_media":0,"parent":4612,"menu_order":0,"comment_status":"closed","ping_status":"closed","template":"elementor_header_footer","meta":{"footnotes":""},"class_list":["post-4618","page","type-page","status-publish","hentry"],"_links":{"self":[{"href":"https:\/\/www.autoescolaolivella.com\/index.php\/wp-json\/wp\/v2\/pages\/4618","targetHints":{"allow":["GET"]}}],"collection":[{"href":"https:\/\/www.autoescolaolivella.com\/index.php\/wp-json\/wp\/v2\/pages"}],"about":[{"href":"https:\/\/www.autoescolaolivella.com\/index.php\/wp-json\/wp\/v2\/types\/page"}],"author":[{"embeddable":true,"href":"https:\/\/www.autoescolaolivella.com\/index.php\/wp-json\/wp\/v2\/users\/7"}],"replies":[{"embeddable":true,"href":"https:\/\/www.autoescolaolivella.com\/index.php\/wp-json\/wp\/v2\/comments?post=4618"}],"version-history":[{"count":10,"href":"https:\/\/www.autoescolaolivella.com\/index.php\/wp-json\/wp\/v2\/pages\/4618\/revisions"}],"predecessor-version":[{"id":5546,"href":"https:\/\/www.autoescolaolivella.com\/index.php\/wp-json\/wp\/v2\/pages\/4618\/revisions\/5546"}],"up":[{"embeddable":true,"href":"https:\/\/www.autoescolaolivella.com\/index.php\/wp-json\/wp\/v2\/pages\/4612"}],"wp:attachment":[{"href":"https:\/\/www.autoescolaolivella.com\/index.php\/wp-json\/wp\/v2\/media?parent=4618"}],"curies":[{"name":"wp","href":"https:\/\/api.w.org\/{rel}","templated":true}]}}