{"id":4939,"date":"2025-08-21T22:20:08","date_gmt":"2025-08-21T20:20:08","guid":{"rendered":"https:\/\/www.autoescolaolivella.com\/000000\/?page_id=4939"},"modified":"2025-09-17T12:51:37","modified_gmt":"2025-09-17T10:51:37","slug":"recuperacio-del-permis","status":"publish","type":"page","link":"https:\/\/www.autoescolaolivella.com\/index.php\/autoescola\/recuperacio-i-reciclatge\/recuperacio-del-permis\/","title":{"rendered":"Recuperaci\u00f3 del perm\u00eds"},"content":{"rendered":"\t\t<div data-elementor-type=\"wp-page\" data-elementor-id=\"4939\" class=\"elementor elementor-4939\">\n\t\t\t\t<div class=\"elementor-element elementor-element-4f4996b e-flex e-con-boxed e-con e-parent\" data-id=\"4f4996b\" data-element_type=\"container\" data-e-type=\"container\">\n\t\t\t\t\t<div class=\"e-con-inner\">\n\t\t\t\t<div class=\"elementor-element elementor-element-c68291e elementor-widget elementor-widget-drivschol-about\" data-id=\"c68291e\" data-element_type=\"widget\" data-e-type=\"widget\" data-widget_type=\"drivschol-about.default\">\n\t\t\t\t<div class=\"elementor-widget-container\">\n\t\t\t\t\t\r\n    <!-- About THree Start -->\r\n    <section class=\"about-three about-three__home\">\r\n        <div class=\"container\">\r\n            <div class=\"row\">\r\n                <div class=\"col-lg-6\">\r\n                    <div class=\"about-three__content\">\r\n                        <div class=\"about-three__content__head\">\r\n                            <div class=\"sec-title  text-start wow fadeInUp\" data-wow-duration='300ms'>\r\n                                                                    <h6 class=\"sec-title__tagline\">\r\n                                                                                                                                                             <\/h6><!-- \/.sec-title__tagline -->\r\n                                                                <h3 class=\"sec-title__title\">RECUPERACI\u00d3 DE PERM\u00cdS<\/h3>                            <\/div><!-- \/.sec-title -->\r\n                        <\/div><!-- \/.about-three__content__head -->\r\n                        <p class=\"about-three__content__text  wow fadeInUp\" data-wow-delay='500ms'>\r\n                            El Curs de recuperaci\u00f3 de perm\u00eds es obligatori quant perds tots els punts. Despr\u00e9s de realitzar-lo haur\u00e0s de superar un ex\u00e0men a la DGT. Si suspens et podr\u00e0s tornar a presentar per\u00f2 sempre hauras de repetir el curs abans de cada intent.                        <\/p><!-- \/.about-three__content__text -->\r\n                                                    <ul class=\"about-three__content__list  wow fadeInUp\" data-wow-delay='500ms'>\r\n                                                                    <li class=\"about-three__content__list__item\">\r\n                                        Durada: 24 hores (aprox.)                                    <\/li>\r\n                                    <!-- \/.about-three__content__list__item -->\r\n                                                                    <li class=\"about-three__content__list__item\">\r\n                                        Obtens el perm\u00eds de conduir amb 8 punts inicials                                    <\/li>\r\n                                    <!-- \/.about-three__content__list__item -->\r\n                                                                    <li class=\"about-three__content__list__item\">\r\n                                        S\u00ed, cal fer prova te\u00f2rica a la DGT despr\u00e9s del curs.                                    <\/li>\r\n                                    <!-- \/.about-three__content__list__item -->\r\n                                                            <\/ul><!-- \/.about-three__content__list -->\r\n                                                                            <div class=\"about-three__content__link  wow fadeInUp\" data-wow-delay='500ms'>\r\n                                <a href=\"https:\/\/www.autoescolaolivella.com\/\"  class=\"about-three__content__link__btn drivschol-btn drivschol-btn--base2\">\r\n                                    Mira Horaris                                <\/a>\r\n                            <\/div><!-- \/.about-three__content__link -->\r\n                                            <\/div><!-- \/.about-three__left -->\r\n                <\/div><!-- \/.col-lg-6 -->\r\n                <div class=\"col-lg-6\">\r\n                    <div class=\"about-three__thumb  wow fadeInLeft\" data-wow-delay='500ms'>\r\n                        <div class=\"about-three__thumb__img\">\r\n                            <img decoding=\"async\" src=\"https:\/\/www.autoescolaolivella.com\/assets\/2023\/12\/course-1-6.jpg\" alt=\"course-1-6\" title=\"course-1-6\" >                        <\/div><!-- \/.about-three__thumb__img -->\r\n                        <div class=\"about-three__thumb__sub\">\r\n                            <img decoding=\"async\" src=\"https:\/\/www.autoescolaolivella.com\/assets\/2023\/12\/gallery-1-8.jpg\" alt=\"gallery-1-8\" title=\"gallery-1-8\" >                        <\/div><!-- \/.about-three__thumb__top -->\r\n                        <div class=\"about-three__thumb__logo\">\r\n                            <img decoding=\"async\" src=\"https:\/\/www.autoescolaolivella.com\/assets\/2025\/08\/images-removebg-preview-1-1.webp\" alt=\"images-removebg-preview (1)\" title=\"images-removebg-preview (1)\" >                        <\/div><!-- \/.about-three__thumb__logo -->\r\n                        <div class=\"about-three__thumb__content count-box\">\r\n                            <h3 class=\"about-three__thumb__content__number count-text\" data-stop=\"19\" data-speed=\"1500\">\r\n                            <\/h3><!-- \/.about-three__thumb__content__number -->\r\n                            <span class=\"about-three__thumb__content__text\"> Anys Exper\u00e8ncia<\/span>\r\n                        <\/div><!-- \/.about-three__thumb__content -->\r\n                    <\/div><!-- \/.about-three__thumb -->\r\n                <\/div><!-- \/.col-lg-6 -->\r\n            <\/div><!-- \/.row -->\r\n        <\/div><!-- \/.container -->\r\n    <\/section><!-- \/.about-three about-three__home -->\r\n    <!-- About THree End -->\r\n\t\t\t\t<\/div>\n\t\t\t\t<\/div>\n\t\t\t\t\t<\/div>\n\t\t\t\t<\/div>\n\t\t\t\t<\/div>\n\t\t","protected":false},"excerpt":{"rendered":"<p>RECUPERACI\u00d3 DE PERM\u00cdS El Curs de recuperaci\u00f3 de perm\u00eds es obligatori quant perds tots els punts. Despr\u00e9s de realitzar-lo haur\u00e0s de superar un ex\u00e0men a la DGT. Si suspens et podr\u00e0s tornar a presentar per\u00f2 sempre hauras de repetir el curs abans de cada intent. Durada: 24 hores (aprox.) Obtens el perm\u00eds de conduir amb [&hellip;]<\/p>\n","protected":false},"author":7,"featured_media":0,"parent":4935,"menu_order":0,"comment_status":"closed","ping_status":"closed","template":"elementor_header_footer","meta":{"footnotes":""},"class_list":["post-4939","page","type-page","status-publish","hentry"],"_links":{"self":[{"href":"https:\/\/www.autoescolaolivella.com\/index.php\/wp-json\/wp\/v2\/pages\/4939","targetHints":{"allow":["GET"]}}],"collection":[{"href":"https:\/\/www.autoescolaolivella.com\/index.php\/wp-json\/wp\/v2\/pages"}],"about":[{"href":"https:\/\/www.autoescolaolivella.com\/index.php\/wp-json\/wp\/v2\/types\/page"}],"author":[{"embeddable":true,"href":"https:\/\/www.autoescolaolivella.com\/index.php\/wp-json\/wp\/v2\/users\/7"}],"replies":[{"embeddable":true,"href":"https:\/\/www.autoescolaolivella.com\/index.php\/wp-json\/wp\/v2\/comments?post=4939"}],"version-history":[{"count":11,"href":"https:\/\/www.autoescolaolivella.com\/index.php\/wp-json\/wp\/v2\/pages\/4939\/revisions"}],"predecessor-version":[{"id":5603,"href":"https:\/\/www.autoescolaolivella.com\/index.php\/wp-json\/wp\/v2\/pages\/4939\/revisions\/5603"}],"up":[{"embeddable":true,"href":"https:\/\/www.autoescolaolivella.com\/index.php\/wp-json\/wp\/v2\/pages\/4935"}],"wp:attachment":[{"href":"https:\/\/www.autoescolaolivella.com\/index.php\/wp-json\/wp\/v2\/media?parent=4939"}],"curies":[{"name":"wp","href":"https:\/\/api.w.org\/{rel}","templated":true}]}}